{"id":419,"date":"2024-06-24T15:34:56","date_gmt":"2024-06-24T13:34:56","guid":{"rendered":"https:\/\/www.eurotend.it\/?page_id=419"},"modified":"2025-10-29T10:23:56","modified_gmt":"2025-10-29T09:23:56","slug":"interni-tendostrutture","status":"publish","type":"page","link":"https:\/\/www.eurotend.it\/it_it\/interni-tendostrutture\/","title":{"rendered":"Interni tendostrutture"},"content":{"rendered":"\t\t<div data-elementor-type=\"wp-page\" data-elementor-id=\"419\" class=\"elementor elementor-419\" data-elementor-post-type=\"page\">\n\t\t\t\t\t\t<section class=\"elementor-section elementor-top-section elementor-element elementor-element-667c0522 elementor-section-full_width elementor-section-height-default elementor-section-height-default\" data-id=\"667c0522\" data-element_type=\"section\">\n\t\t\t\t\t\t<div class=\"elementor-container elementor-column-gap-no\">\n\t\t\t\t\t<div class=\"elementor-column elementor-col-100 elementor-top-column elementor-element elementor-element-4d835688\" data-id=\"4d835688\" data-element_type=\"column\">\n\t\t\t<div class=\"elementor-widget-wrap elementor-element-populated\">\n\t\t\t\t\t\t<section class=\"elementor-section elementor-inner-section elementor-element elementor-element-4ba609ee elementor-section-full_width elementor-section-height-default elementor-section-height-default\" data-id=\"4ba609ee\" data-element_type=\"section\">\n\t\t\t\t\t\t<div class=\"elementor-container elementor-column-gap-no\">\n\t\t\t\t\t<div class=\"elementor-column elementor-col-50 elementor-inner-column elementor-element elementor-element-20a05ec7\" data-id=\"20a05ec7\" data-element_type=\"column\">\n\t\t\t<div class=\"elementor-widget-wrap elementor-element-populated\">\n\t\t\t\t\t\t<div class=\"elementor-element elementor-element-75c3868 elementor-widget elementor-widget-image\" data-id=\"75c3868\" data-element_type=\"widget\" data-widget_type=\"image.default\">\n\t\t\t\t<div class=\"elementor-widget-container\">\n\t\t\t\t\t\t\t\t\t\t\t\t\t\t\t<img fetchpriority=\"high\" decoding=\"async\" width=\"800\" height=\"301\" src=\"https:\/\/www.eurotend.it\/wp-content\/uploads\/2024\/06\/New-Logo-Eurotend.png\" class=\"attachment-large size-large wp-image-1424\" alt=\"Eurotend new logo\" srcset=\"https:\/\/www.eurotend.it\/wp-content\/uploads\/2024\/06\/New-Logo-Eurotend.png 992w, https:\/\/www.eurotend.it\/wp-content\/uploads\/2024\/06\/New-Logo-Eurotend-300x113.png 300w, https:\/\/www.eurotend.it\/wp-content\/uploads\/2024\/06\/New-Logo-Eurotend-768x289.png 768w\" sizes=\"(max-width: 800px) 100vw, 800px\" \/>\t\t\t\t\t\t\t\t\t\t\t\t\t\t\t<\/div>\n\t\t\t\t<\/div>\n\t\t\t\t<div class=\"elementor-element elementor-element-5070ca51 elementor-widget elementor-widget-heading\" data-id=\"5070ca51\" data-element_type=\"widget\" data-widget_type=\"heading.default\">\n\t\t\t\t<div class=\"elementor-widget-container\">\n\t\t\t\t\t<h1 class=\"elementor-heading-title elementor-size-default\">Interni<br>Tendostrutture<\/h1>\t\t\t\t<\/div>\n\t\t\t\t<\/div>\n\t\t\t\t\t<\/div>\n\t\t<\/div>\n\t\t\t\t<div class=\"elementor-column elementor-col-50 elementor-inner-column elementor-element elementor-element-686eed05\" data-id=\"686eed05\" data-element_type=\"column\">\n\t\t\t<div class=\"elementor-widget-wrap elementor-element-populated\">\n\t\t\t\t\t\t<div class=\"elementor-element elementor-element-29c2f2c2 elementor-widget__width-initial elementor-widget elementor-widget-text-editor\" data-id=\"29c2f2c2\" data-element_type=\"widget\" data-widget_type=\"text-editor.default\">\n\t\t\t\t<div class=\"elementor-widget-container\">\n\t\t\t\t\t\t\t\t\t<p>Le tendostrutture Eurotend sono progettate per garantire la realizzazione di spazi interni accoglienti, versatili e funzionali, ideali per ogni tipo di evento.<\/p>\t\t\t\t\t\t\t\t<\/div>\n\t\t\t\t<\/div>\n\t\t\t\t<div class=\"elementor-element elementor-element-1bad6553 elementor-align-left elementor-mobile-align-left elementor-widget elementor-widget-button\" data-id=\"1bad6553\" data-element_type=\"widget\" data-widget_type=\"button.default\">\n\t\t\t\t<div class=\"elementor-widget-container\">\n\t\t\t\t\t\t\t\t\t<div class=\"elementor-button-wrapper\">\n\t\t\t\t\t<a class=\"elementor-button elementor-button-link elementor-size-sm\" href=\"#struttura\">\n\t\t\t\t\t\t<span class=\"elementor-button-content-wrapper\">\n\t\t\t\t\t\t\t\t\t<span class=\"elementor-button-text\">Scopri di pi\u00f9<\/span>\n\t\t\t\t\t<\/span>\n\t\t\t\t\t<\/a>\n\t\t\t\t<\/div>\n\t\t\t\t\t\t\t\t<\/div>\n\t\t\t\t<\/div>\n\t\t\t\t\t<\/div>\n\t\t<\/div>\n\t\t\t\t\t<\/div>\n\t\t<\/section>\n\t\t\t\t\t<\/div>\n\t\t<\/div>\n\t\t\t\t\t<\/div>\n\t\t<\/section>\n\t\t\t\t<section class=\"elementor-section elementor-top-section elementor-element elementor-element-72da6b89 elementor-section-full_width elementor-section-height-default elementor-section-height-default\" data-id=\"72da6b89\" data-element_type=\"section\">\n\t\t\t\t\t\t<div class=\"elementor-container elementor-column-gap-no\">\n\t\t\t\t\t<div class=\"elementor-column elementor-col-100 elementor-top-column elementor-element elementor-element-4aa29602\" data-id=\"4aa29602\" data-element_type=\"column\">\n\t\t\t<div class=\"elementor-widget-wrap elementor-element-populated\">\n\t\t\t\t\t\t<div class=\"elementor-element elementor-element-e8817d0 elementor-widget elementor-widget-image\" data-id=\"e8817d0\" data-element_type=\"widget\" data-widget_type=\"image.default\">\n\t\t\t\t<div class=\"elementor-widget-container\">\n\t\t\t\t\t\t\t\t\t\t\t\t\t\t\t<img decoding=\"async\" width=\"2560\" height=\"1707\" src=\"https:\/\/www.eurotend.it\/wp-content\/uploads\/2024\/06\/CERDOMUS-04.10.07-12-scaled.jpg\" class=\"attachment-full size-full wp-image-379\" alt=\"Eurotend spa\" srcset=\"https:\/\/www.eurotend.it\/wp-content\/uploads\/2024\/06\/CERDOMUS-04.10.07-12-scaled.jpg 2560w, https:\/\/www.eurotend.it\/wp-content\/uploads\/2024\/06\/CERDOMUS-04.10.07-12-300x200.jpg 300w, https:\/\/www.eurotend.it\/wp-content\/uploads\/2024\/06\/CERDOMUS-04.10.07-12-1024x683.jpg 1024w, https:\/\/www.eurotend.it\/wp-content\/uploads\/2024\/06\/CERDOMUS-04.10.07-12-768x512.jpg 768w, https:\/\/www.eurotend.it\/wp-content\/uploads\/2024\/06\/CERDOMUS-04.10.07-12-1536x1024.jpg 1536w, https:\/\/www.eurotend.it\/wp-content\/uploads\/2024\/06\/CERDOMUS-04.10.07-12-2048x1365.jpg 2048w\" sizes=\"(max-width: 2560px) 100vw, 2560px\" \/>\t\t\t\t\t\t\t\t\t\t\t\t\t\t\t<\/div>\n\t\t\t\t<\/div>\n\t\t\t\t\t<\/div>\n\t\t<\/div>\n\t\t\t\t\t<\/div>\n\t\t<\/section>\n\t\t<div class=\"elementor-element elementor-element-566b8159 e-flex e-con-boxed e-con e-parent\" data-id=\"566b8159\" data-element_type=\"container\">\n\t\t\t\t\t<div class=\"e-con-inner\">\n\t\t<div class=\"elementor-element elementor-element-10c623bf e-con-full e-flex e-con e-child\" data-id=\"10c623bf\" data-element_type=\"container\" id=\"struttura\">\n\t\t\t\t<div class=\"elementor-element elementor-element-76cb2c09 elementor-widget elementor-widget-heading\" data-id=\"76cb2c09\" data-element_type=\"widget\" data-widget_type=\"heading.default\">\n\t\t\t\t<div class=\"elementor-widget-container\">\n\t\t\t\t\t<h2 class=\"elementor-heading-title elementor-size-default\">La struttura<\/h2>\t\t\t\t<\/div>\n\t\t\t\t<\/div>\n\t\t\t\t<div class=\"elementor-element elementor-element-3d81a1d3 elementor-widget elementor-widget-text-editor\" data-id=\"3d81a1d3\" data-element_type=\"widget\" data-widget_type=\"text-editor.default\">\n\t\t\t\t<div class=\"elementor-widget-container\">\n\t\t\t\t\t\t\t\t\t<p>Gli interni delle tendostrutture possono essere personalizzati con teli cristal, pannelli vetrati, pannelli sandwich ciechi, controsoffitti e addobbi vari, garantendo alla struttura un alto livello di eleganza. La solida struttura portante, in<strong> alluminio anodizzato<\/strong>, \u00e8 fissata al suolo mediante picchetti in acciaio di dimensioni variabili. Se tuttavia il terreno non lo consente, l\u2019ancoraggio pu\u00f2 avvenire anche a mezzo zavorre o tasselli chimici. La stabilit\u00e0 della struttura \u00e8 inoltre assicurata da un sistema di controventature in <strong>acciaio<\/strong>. Per la copertura e la chiusura laterale viene utilizzato un telo in <strong>PVC<\/strong> a trama speciale idrorepellente, resistente alle muffe e allo sporco, ignifugo con classe 2 di resistenza al fuoco.<\/p><p><strong>Ideali per: meeting, convention, assemblee societarie, fiere, mostre, eventi sportivi, sfilate di moda, feste e ricorrenze private.<\/strong><\/p>\t\t\t\t\t\t\t\t<\/div>\n\t\t\t\t<\/div>\n\t\t\t\t<div class=\"elementor-element elementor-element-75a56428 elementor-align-left elementor-mobile-align-left elementor-widget elementor-widget-button\" data-id=\"75a56428\" data-element_type=\"widget\" data-widget_type=\"button.default\">\n\t\t\t\t<div class=\"elementor-widget-container\">\n\t\t\t\t\t\t\t\t\t<div class=\"elementor-button-wrapper\">\n\t\t\t\t\t<a class=\"elementor-button elementor-button-link elementor-size-sm\" href=\"https:\/\/www.eurotend.it\/contatti\/\">\n\t\t\t\t\t\t<span class=\"elementor-button-content-wrapper\">\n\t\t\t\t\t\t\t\t\t<span class=\"elementor-button-text\">Contattaci<\/span>\n\t\t\t\t\t<\/span>\n\t\t\t\t\t<\/a>\n\t\t\t\t<\/div>\n\t\t\t\t\t\t\t\t<\/div>\n\t\t\t\t<\/div>\n\t\t\t\t<\/div>\n\t\t<div class=\"elementor-element elementor-element-7dbed496 e-con-full elementor-hidden-tablet e-flex e-con e-child\" data-id=\"7dbed496\" data-element_type=\"container\">\n\t\t\t\t<div class=\"elementor-element elementor-element-3914fc0a elementor-widget elementor-widget-image\" data-id=\"3914fc0a\" data-element_type=\"widget\" data-widget_type=\"image.default\">\n\t\t\t\t<div class=\"elementor-widget-container\">\n\t\t\t\t\t\t\t\t\t\t\t\t\t\t\t<img decoding=\"async\" width=\"1476\" height=\"985\" src=\"https:\/\/www.eurotend.it\/wp-content\/uploads\/2024\/06\/RM-PROGETTI-ROMA-04.jpg\" class=\"attachment-full size-full wp-image-386\" alt=\"Eurotend tendostrutture per convention\" srcset=\"https:\/\/www.eurotend.it\/wp-content\/uploads\/2024\/06\/RM-PROGETTI-ROMA-04.jpg 1476w, https:\/\/www.eurotend.it\/wp-content\/uploads\/2024\/06\/RM-PROGETTI-ROMA-04-300x200.jpg 300w, https:\/\/www.eurotend.it\/wp-content\/uploads\/2024\/06\/RM-PROGETTI-ROMA-04-1024x683.jpg 1024w, https:\/\/www.eurotend.it\/wp-content\/uploads\/2024\/06\/RM-PROGETTI-ROMA-04-768x513.jpg 768w\" sizes=\"(max-width: 1476px) 100vw, 1476px\" \/>\t\t\t\t\t\t\t\t\t\t\t\t\t\t\t<\/div>\n\t\t\t\t<\/div>\n\t\t\t\t<\/div>\n\t\t\t\t\t<\/div>\n\t\t\t\t<\/div>\n\t\t<div class=\"elementor-element elementor-element-3e7cd3a6 e-con-full e-flex e-con e-parent\" data-id=\"3e7cd3a6\" data-element_type=\"container\">\n\t\t\t\t<div class=\"elementor-element elementor-element-8479d34 elementor-widget__width-initial elementor-widget elementor-widget-image-carousel\" data-id=\"8479d34\" data-element_type=\"widget\" data-settings=\"{&quot;slides_to_show&quot;:&quot;3&quot;,&quot;navigation&quot;:&quot;none&quot;,&quot;autoplay_speed&quot;:2000,&quot;image_spacing_custom&quot;:{&quot;unit&quot;:&quot;px&quot;,&quot;size&quot;:13,&quot;sizes&quot;:[]},&quot;autoplay&quot;:&quot;yes&quot;,&quot;pause_on_hover&quot;:&quot;yes&quot;,&quot;pause_on_interaction&quot;:&quot;yes&quot;,&quot;infinite&quot;:&quot;yes&quot;,&quot;speed&quot;:500,&quot;image_spacing_custom_tablet&quot;:{&quot;unit&quot;:&quot;px&quot;,&quot;size&quot;:&quot;&quot;,&quot;sizes&quot;:[]},&quot;image_spacing_custom_mobile&quot;:{&quot;unit&quot;:&quot;px&quot;,&quot;size&quot;:&quot;&quot;,&quot;sizes&quot;:[]}}\" data-widget_type=\"image-carousel.default\">\n\t\t\t\t<div class=\"elementor-widget-container\">\n\t\t\t\t\t\t\t<div class=\"elementor-image-carousel-wrapper swiper\" role=\"region\" aria-roledescription=\"carousel\" aria-label=\"Carosello d&#039;immagini\" dir=\"ltr\">\n\t\t\t<div class=\"elementor-image-carousel swiper-wrapper\" aria-live=\"off\">\n\t\t\t\t\t\t\t\t<div class=\"swiper-slide\" role=\"group\" aria-roledescription=\"slide\" aria-label=\"1 di 5\"><figure class=\"swiper-slide-inner\"><img decoding=\"async\" class=\"swiper-slide-image\" src=\"https:\/\/www.eurotend.it\/wp-content\/uploads\/2024\/06\/18.png\" alt=\"Eurotend spa interni tendostrutture\" \/><\/figure><\/div><div class=\"swiper-slide\" role=\"group\" aria-roledescription=\"slide\" aria-label=\"2 di 5\"><figure class=\"swiper-slide-inner\"><img decoding=\"async\" class=\"swiper-slide-image\" src=\"https:\/\/www.eurotend.it\/wp-content\/uploads\/2024\/06\/19.png\" alt=\"Eurotend spa interni tendostrutture\" \/><\/figure><\/div><div class=\"swiper-slide\" role=\"group\" aria-roledescription=\"slide\" aria-label=\"3 di 5\"><figure class=\"swiper-slide-inner\"><img decoding=\"async\" class=\"swiper-slide-image\" src=\"https:\/\/www.eurotend.it\/wp-content\/uploads\/2024\/06\/20.png\" alt=\"Eurotend spa interni tendostrutture\" \/><\/figure><\/div><div class=\"swiper-slide\" role=\"group\" aria-roledescription=\"slide\" aria-label=\"4 di 5\"><figure class=\"swiper-slide-inner\"><img decoding=\"async\" class=\"swiper-slide-image\" src=\"https:\/\/www.eurotend.it\/wp-content\/uploads\/2024\/06\/23.png\" alt=\"Eurotend spa interni tendostrutture\" \/><\/figure><\/div><div class=\"swiper-slide\" role=\"group\" aria-roledescription=\"slide\" aria-label=\"5 di 5\"><figure class=\"swiper-slide-inner\"><img decoding=\"async\" class=\"swiper-slide-image\" src=\"https:\/\/www.eurotend.it\/wp-content\/uploads\/2024\/06\/Eurotend-21.png\" alt=\"Eurotend interni tendostrutture\" \/><\/figure><\/div>\t\t\t<\/div>\n\t\t\t\t\t\t\t\n\t\t\t\t\t\t\t\t\t<\/div>\n\t\t\t\t\t\t<\/div>\n\t\t\t\t<\/div>\n\t\t\t\t<\/div>\n\t\t\t\t<\/div>\n\t\t","protected":false},"excerpt":{"rendered":"<p>InterniTendostrutture Le tendostrutture Eurotend sono progettate per garantire la realizzazione di spazi interni accoglienti, versatili e funzionali, ideali per ogni tipo di evento. Scopri di pi\u00f9 La struttura Gli interni delle tendostrutture possono essere personalizzati con teli cristal, pannelli vetrati, pannelli sandwich ciechi, controsoffitti e addobbi vari, garantendo alla struttura un alto livello di eleganza. [&hellip;]<\/p>\n","protected":false},"author":1,"featured_media":0,"parent":0,"menu_order":0,"comment_status":"closed","ping_status":"closed","template":"elementor_header_footer","meta":{"footnotes":""},"class_list":["post-419","page","type-page","status-publish","hentry"],"yoast_head":"<!-- This site is optimized with the Yoast SEO plugin v24.7 - https:\/\/yoast.com\/wordpress\/plugins\/seo\/ -->\n<title>Interni tendostrutture - Eurotend<\/title>\n<meta name=\"description\" content=\"Personalizza gli interni delle tendostrutture Eurotend con teli kristal, pannelli vetrati, pannelli sandwich e altri elementi decorativi\" \/>\n<meta name=\"robots\" content=\"index, follow, max-snippet:-1, max-image-preview:large, max-video-preview:-1\" \/>\n<link rel=\"canonical\" href=\"https:\/\/www.eurotend.it\/it_it\/interni-tendostrutture\/\" \/>\n<meta property=\"og:locale\" content=\"it_IT\" \/>\n<meta property=\"og:type\" content=\"article\" \/>\n<meta property=\"og:title\" content=\"Interni tendostrutture - Eurotend\" \/>\n<meta property=\"og:description\" content=\"Personalizza gli interni delle tendostrutture Eurotend con teli kristal, pannelli vetrati, pannelli sandwich e altri elementi decorativi\" \/>\n<meta property=\"og:url\" content=\"https:\/\/www.eurotend.it\/it_it\/interni-tendostrutture\/\" \/>\n<meta property=\"og:site_name\" content=\"Eurotend\" \/>\n<meta property=\"article:modified_time\" content=\"2025-10-29T09:23:56+00:00\" \/>\n<meta property=\"og:image\" content=\"https:\/\/www.eurotend.it\/wp-content\/uploads\/2024\/06\/New-Logo-Eurotend.png\" \/>\n\t<meta property=\"og:image:width\" content=\"992\" \/>\n\t<meta property=\"og:image:height\" content=\"373\" \/>\n\t<meta property=\"og:image:type\" content=\"image\/png\" \/>\n<meta name=\"twitter:card\" content=\"summary_large_image\" \/>\n<meta name=\"twitter:label1\" content=\"Tempo di lettura stimato\" \/>\n\t<meta name=\"twitter:data1\" content=\"3 minuti\" \/>\n<script type=\"application\/ld+json\" class=\"yoast-schema-graph\">{\"@context\":\"https:\/\/schema.org\",\"@graph\":[{\"@type\":\"WebPage\",\"@id\":\"https:\/\/www.eurotend.it\/interni-tendostrutture\/\",\"url\":\"https:\/\/www.eurotend.it\/interni-tendostrutture\/\",\"name\":\"Interni tendostrutture - Eurotend\",\"isPartOf\":{\"@id\":\"https:\/\/www.eurotend.it\/#website\"},\"primaryImageOfPage\":{\"@id\":\"https:\/\/www.eurotend.it\/interni-tendostrutture\/#primaryimage\"},\"image\":{\"@id\":\"https:\/\/www.eurotend.it\/interni-tendostrutture\/#primaryimage\"},\"thumbnailUrl\":\"https:\/\/www.eurotend.it\/wp-content\/uploads\/2024\/06\/New-Logo-Eurotend.png\",\"datePublished\":\"2024-06-24T13:34:56+00:00\",\"dateModified\":\"2025-10-29T09:23:56+00:00\",\"description\":\"Personalizza gli interni delle tendostrutture Eurotend con teli kristal, pannelli vetrati, pannelli sandwich e altri elementi decorativi\",\"breadcrumb\":{\"@id\":\"https:\/\/www.eurotend.it\/interni-tendostrutture\/#breadcrumb\"},\"inLanguage\":\"it-IT\",\"potentialAction\":[{\"@type\":\"ReadAction\",\"target\":[\"https:\/\/www.eurotend.it\/interni-tendostrutture\/\"]}]},{\"@type\":\"ImageObject\",\"inLanguage\":\"it-IT\",\"@id\":\"https:\/\/www.eurotend.it\/interni-tendostrutture\/#primaryimage\",\"url\":\"https:\/\/www.eurotend.it\/wp-content\/uploads\/2024\/06\/New-Logo-Eurotend.png\",\"contentUrl\":\"https:\/\/www.eurotend.it\/wp-content\/uploads\/2024\/06\/New-Logo-Eurotend.png\"},{\"@type\":\"BreadcrumbList\",\"@id\":\"https:\/\/www.eurotend.it\/interni-tendostrutture\/#breadcrumb\",\"itemListElement\":[{\"@type\":\"ListItem\",\"position\":1,\"name\":\"Home\",\"item\":\"https:\/\/www.eurotend.it\/\"},{\"@type\":\"ListItem\",\"position\":2,\"name\":\"Interni tendostrutture\"}]},{\"@type\":\"WebSite\",\"@id\":\"https:\/\/www.eurotend.it\/#website\",\"url\":\"https:\/\/www.eurotend.it\/\",\"name\":\"Eurotend\",\"description\":\"\",\"publisher\":{\"@id\":\"https:\/\/www.eurotend.it\/#organization\"},\"potentialAction\":[{\"@type\":\"SearchAction\",\"target\":{\"@type\":\"EntryPoint\",\"urlTemplate\":\"https:\/\/www.eurotend.it\/?s={search_term_string}\"},\"query-input\":{\"@type\":\"PropertyValueSpecification\",\"valueRequired\":true,\"valueName\":\"search_term_string\"}}],\"inLanguage\":\"it-IT\"},{\"@type\":\"Organization\",\"@id\":\"https:\/\/www.eurotend.it\/#organization\",\"name\":\"Eurotend\",\"url\":\"https:\/\/www.eurotend.it\/\",\"logo\":{\"@type\":\"ImageObject\",\"inLanguage\":\"it-IT\",\"@id\":\"https:\/\/www.eurotend.it\/#\/schema\/logo\/image\/\",\"url\":\"https:\/\/www.eurotend.it\/wp-content\/uploads\/2024\/06\/New-Logo-Eurotend-1.png\",\"contentUrl\":\"https:\/\/www.eurotend.it\/wp-content\/uploads\/2024\/06\/New-Logo-Eurotend-1.png\",\"width\":512,\"height\":512,\"caption\":\"Eurotend\"},\"image\":{\"@id\":\"https:\/\/www.eurotend.it\/#\/schema\/logo\/image\/\"}}]}<\/script>\n<!-- \/ Yoast SEO plugin. -->","yoast_head_json":{"title":"Interni tendostrutture - Eurotend","description":"Personalizza gli interni delle tendostrutture Eurotend con teli kristal, pannelli vetrati, pannelli sandwich e altri elementi decorativi","robots":{"index":"index","follow":"follow","max-snippet":"max-snippet:-1","max-image-preview":"max-image-preview:large","max-video-preview":"max-video-preview:-1"},"canonical":"https:\/\/www.eurotend.it\/it_it\/interni-tendostrutture\/","og_locale":"it_IT","og_type":"article","og_title":"Interni tendostrutture - Eurotend","og_description":"Personalizza gli interni delle tendostrutture Eurotend con teli kristal, pannelli vetrati, pannelli sandwich e altri elementi decorativi","og_url":"https:\/\/www.eurotend.it\/it_it\/interni-tendostrutture\/","og_site_name":"Eurotend","article_modified_time":"2025-10-29T09:23:56+00:00","og_image":[{"width":992,"height":373,"url":"https:\/\/www.eurotend.it\/wp-content\/uploads\/2024\/06\/New-Logo-Eurotend.png","type":"image\/png"}],"twitter_card":"summary_large_image","twitter_misc":{"Tempo di lettura stimato":"3 minuti"},"schema":{"@context":"https:\/\/schema.org","@graph":[{"@type":"WebPage","@id":"https:\/\/www.eurotend.it\/interni-tendostrutture\/","url":"https:\/\/www.eurotend.it\/interni-tendostrutture\/","name":"Interni tendostrutture - Eurotend","isPartOf":{"@id":"https:\/\/www.eurotend.it\/#website"},"primaryImageOfPage":{"@id":"https:\/\/www.eurotend.it\/interni-tendostrutture\/#primaryimage"},"image":{"@id":"https:\/\/www.eurotend.it\/interni-tendostrutture\/#primaryimage"},"thumbnailUrl":"https:\/\/www.eurotend.it\/wp-content\/uploads\/2024\/06\/New-Logo-Eurotend.png","datePublished":"2024-06-24T13:34:56+00:00","dateModified":"2025-10-29T09:23:56+00:00","description":"Personalizza gli interni delle tendostrutture Eurotend con teli kristal, pannelli vetrati, pannelli sandwich e altri elementi decorativi","breadcrumb":{"@id":"https:\/\/www.eurotend.it\/interni-tendostrutture\/#breadcrumb"},"inLanguage":"it-IT","potentialAction":[{"@type":"ReadAction","target":["https:\/\/www.eurotend.it\/interni-tendostrutture\/"]}]},{"@type":"ImageObject","inLanguage":"it-IT","@id":"https:\/\/www.eurotend.it\/interni-tendostrutture\/#primaryimage","url":"https:\/\/www.eurotend.it\/wp-content\/uploads\/2024\/06\/New-Logo-Eurotend.png","contentUrl":"https:\/\/www.eurotend.it\/wp-content\/uploads\/2024\/06\/New-Logo-Eurotend.png"},{"@type":"BreadcrumbList","@id":"https:\/\/www.eurotend.it\/interni-tendostrutture\/#breadcrumb","itemListElement":[{"@type":"ListItem","position":1,"name":"Home","item":"https:\/\/www.eurotend.it\/"},{"@type":"ListItem","position":2,"name":"Interni tendostrutture"}]},{"@type":"WebSite","@id":"https:\/\/www.eurotend.it\/#website","url":"https:\/\/www.eurotend.it\/","name":"Eurotend","description":"","publisher":{"@id":"https:\/\/www.eurotend.it\/#organization"},"potentialAction":[{"@type":"SearchAction","target":{"@type":"EntryPoint","urlTemplate":"https:\/\/www.eurotend.it\/?s={search_term_string}"},"query-input":{"@type":"PropertyValueSpecification","valueRequired":true,"valueName":"search_term_string"}}],"inLanguage":"it-IT"},{"@type":"Organization","@id":"https:\/\/www.eurotend.it\/#organization","name":"Eurotend","url":"https:\/\/www.eurotend.it\/","logo":{"@type":"ImageObject","inLanguage":"it-IT","@id":"https:\/\/www.eurotend.it\/#\/schema\/logo\/image\/","url":"https:\/\/www.eurotend.it\/wp-content\/uploads\/2024\/06\/New-Logo-Eurotend-1.png","contentUrl":"https:\/\/www.eurotend.it\/wp-content\/uploads\/2024\/06\/New-Logo-Eurotend-1.png","width":512,"height":512,"caption":"Eurotend"},"image":{"@id":"https:\/\/www.eurotend.it\/#\/schema\/logo\/image\/"}}]}},"_links":{"self":[{"href":"https:\/\/www.eurotend.it\/it_it\/wp-json\/wp\/v2\/pages\/419","targetHints":{"allow":["GET"]}}],"collection":[{"href":"https:\/\/www.eurotend.it\/it_it\/wp-json\/wp\/v2\/pages"}],"about":[{"href":"https:\/\/www.eurotend.it\/it_it\/wp-json\/wp\/v2\/types\/page"}],"author":[{"embeddable":true,"href":"https:\/\/www.eurotend.it\/it_it\/wp-json\/wp\/v2\/users\/1"}],"replies":[{"embeddable":true,"href":"https:\/\/www.eurotend.it\/it_it\/wp-json\/wp\/v2\/comments?post=419"}],"version-history":[{"count":70,"href":"https:\/\/www.eurotend.it\/it_it\/wp-json\/wp\/v2\/pages\/419\/revisions"}],"predecessor-version":[{"id":4236,"href":"https:\/\/www.eurotend.it\/it_it\/wp-json\/wp\/v2\/pages\/419\/revisions\/4236"}],"wp:attachment":[{"href":"https:\/\/www.eurotend.it\/it_it\/wp-json\/wp\/v2\/media?parent=419"}],"curies":[{"name":"wp","href":"https:\/\/api.w.org\/{rel}","templated":true}]}}