{"id":705,"date":"2024-06-25T15:06:09","date_gmt":"2024-06-25T13:06:09","guid":{"rendered":"https:\/\/www.eurotend.it\/?page_id=705"},"modified":"2025-10-29T10:24:43","modified_gmt":"2025-10-29T09:24:43","slug":"pavimenti","status":"publish","type":"page","link":"https:\/\/www.eurotend.it\/en\/pavimenti\/","title":{"rendered":"Flooring"},"content":{"rendered":"<div data-elementor-type=\"wp-page\" data-elementor-id=\"705\" class=\"elementor elementor-705\" data-elementor-post-type=\"page\">\n\t\t\t\t\t\t<section class=\"elementor-section elementor-top-section elementor-element elementor-element-46e5a6be elementor-section-full_width elementor-section-height-default elementor-section-height-default\" data-id=\"46e5a6be\" data-element_type=\"section\">\n\t\t\t\t\t\t<div class=\"elementor-container elementor-column-gap-no\">\n\t\t\t\t\t<div class=\"elementor-column elementor-col-100 elementor-top-column elementor-element elementor-element-72ab485f\" data-id=\"72ab485f\" data-element_type=\"column\">\n\t\t\t<div class=\"elementor-widget-wrap elementor-element-populated\">\n\t\t\t\t\t\t<section class=\"elementor-section elementor-inner-section elementor-element elementor-element-384f6b0a elementor-section-full_width elementor-section-height-default elementor-section-height-default\" data-id=\"384f6b0a\" data-element_type=\"section\">\n\t\t\t\t\t\t<div class=\"elementor-container elementor-column-gap-no\">\n\t\t\t\t\t<div class=\"elementor-column elementor-col-50 elementor-inner-column elementor-element elementor-element-1d4f582b\" data-id=\"1d4f582b\" data-element_type=\"column\">\n\t\t\t<div class=\"elementor-widget-wrap elementor-element-populated\">\n\t\t\t\t\t\t<div class=\"elementor-element elementor-element-996782d elementor-widget elementor-widget-image\" data-id=\"996782d\" data-element_type=\"widget\" data-widget_type=\"image.default\">\n\t\t\t\t<div class=\"elementor-widget-container\">\n\t\t\t\t\t\t\t\t\t\t\t\t\t\t\t<img fetchpriority=\"high\" decoding=\"async\" width=\"800\" height=\"301\" src=\"https:\/\/www.eurotend.it\/wp-content\/uploads\/2024\/06\/New-Logo-Eurotend.png\" class=\"attachment-large size-large wp-image-1424\" alt=\"Eurotend new logo\" srcset=\"https:\/\/www.eurotend.it\/wp-content\/uploads\/2024\/06\/New-Logo-Eurotend.png 992w, https:\/\/www.eurotend.it\/wp-content\/uploads\/2024\/06\/New-Logo-Eurotend-300x113.png 300w, https:\/\/www.eurotend.it\/wp-content\/uploads\/2024\/06\/New-Logo-Eurotend-768x289.png 768w\" sizes=\"(max-width: 800px) 100vw, 800px\" \/>\t\t\t\t\t\t\t\t\t\t\t\t\t\t\t<\/div>\n\t\t\t\t<\/div>\n\t\t\t\t<div class=\"elementor-element elementor-element-7d043416 elementor-widget elementor-widget-heading\" data-id=\"7d043416\" data-element_type=\"widget\" data-widget_type=\"heading.default\">\n\t\t\t\t<div class=\"elementor-widget-container\">\n\t\t\t\t\t<h1 class=\"elementor-heading-title elementor-size-default\">Flooring<\/h1>\t\t\t\t<\/div>\n\t\t\t\t<\/div>\n\t\t\t\t\t<\/div>\n\t\t<\/div>\n\t\t\t\t<div class=\"elementor-column elementor-col-50 elementor-inner-column elementor-element elementor-element-386e02dc\" data-id=\"386e02dc\" data-element_type=\"column\">\n\t\t\t<div class=\"elementor-widget-wrap elementor-element-populated\">\n\t\t\t\t\t\t<div class=\"elementor-element elementor-element-7d812287 elementor-widget__width-initial elementor-widget elementor-widget-text-editor\" data-id=\"7d812287\" data-element_type=\"widget\" data-widget_type=\"text-editor.default\">\n\t\t\t\t<div class=\"elementor-widget-container\">\n\t\t\t\t\t\t\t\t\t<p>Eurotend marquees are designed to create covered surfaces of excellent quality and high technical standard, responding promptly to the needs of the most demanding customers.<\/p>\t\t\t\t\t\t\t\t<\/div>\n\t\t\t\t<\/div>\n\t\t\t\t<div class=\"elementor-element elementor-element-4f9fc81f elementor-align-left elementor-mobile-align-left elementor-widget elementor-widget-button\" data-id=\"4f9fc81f\" data-element_type=\"widget\" data-widget_type=\"button.default\">\n\t\t\t\t<div class=\"elementor-widget-container\">\n\t\t\t\t\t\t\t\t\t<div class=\"elementor-button-wrapper\">\n\t\t\t\t\t<a class=\"elementor-button elementor-button-link elementor-size-sm\" href=\"#struttura\">\n\t\t\t\t\t\t<span class=\"elementor-button-content-wrapper\">\n\t\t\t\t\t\t\t\t\t<span class=\"elementor-button-text\">MORE<\/span>\n\t\t\t\t\t<\/span>\n\t\t\t\t\t<\/a>\n\t\t\t\t<\/div>\n\t\t\t\t\t\t\t\t<\/div>\n\t\t\t\t<\/div>\n\t\t\t\t\t<\/div>\n\t\t<\/div>\n\t\t\t\t\t<\/div>\n\t\t<\/section>\n\t\t\t\t\t<\/div>\n\t\t<\/div>\n\t\t\t\t\t<\/div>\n\t\t<\/section>\n\t\t\t\t<section class=\"elementor-section elementor-top-section elementor-element elementor-element-4fc9445a elementor-section-full_width elementor-section-height-default elementor-section-height-default\" data-id=\"4fc9445a\" data-element_type=\"section\">\n\t\t\t\t\t\t<div class=\"elementor-container elementor-column-gap-no\">\n\t\t\t\t\t<div class=\"elementor-column elementor-col-100 elementor-top-column elementor-element elementor-element-2f7c8a2a\" data-id=\"2f7c8a2a\" data-element_type=\"column\">\n\t\t\t<div class=\"elementor-widget-wrap elementor-element-populated\">\n\t\t\t\t\t\t<div class=\"elementor-element elementor-element-1e7a445 elementor-widget elementor-widget-image\" data-id=\"1e7a445\" data-element_type=\"widget\" data-widget_type=\"image.default\">\n\t\t\t\t<div class=\"elementor-widget-container\">\n\t\t\t\t\t\t\t\t\t\t\t\t\t\t\t<img decoding=\"async\" width=\"1920\" height=\"1280\" src=\"https:\/\/www.eurotend.it\/wp-content\/uploads\/2024\/06\/Eurotend-immagini-1-5.png\" class=\"attachment-full size-full wp-image-724\" alt=\"Eurotend Pavimenti\" srcset=\"https:\/\/www.eurotend.it\/wp-content\/uploads\/2024\/06\/Eurotend-immagini-1-5.png 1920w, https:\/\/www.eurotend.it\/wp-content\/uploads\/2024\/06\/Eurotend-immagini-1-5-300x200.png 300w, https:\/\/www.eurotend.it\/wp-content\/uploads\/2024\/06\/Eurotend-immagini-1-5-1024x683.png 1024w, https:\/\/www.eurotend.it\/wp-content\/uploads\/2024\/06\/Eurotend-immagini-1-5-768x512.png 768w, https:\/\/www.eurotend.it\/wp-content\/uploads\/2024\/06\/Eurotend-immagini-1-5-1536x1024.png 1536w\" sizes=\"(max-width: 1920px) 100vw, 1920px\" \/>\t\t\t\t\t\t\t\t\t\t\t\t\t\t\t<\/div>\n\t\t\t\t<\/div>\n\t\t\t\t\t<\/div>\n\t\t<\/div>\n\t\t\t\t\t<\/div>\n\t\t<\/section>\n\t\t<div class=\"elementor-element elementor-element-36f76292 e-flex e-con-boxed e-con e-parent\" data-id=\"36f76292\" data-element_type=\"container\">\n\t\t\t\t\t<div class=\"e-con-inner\">\n\t\t<div class=\"elementor-element elementor-element-11353966 e-con-full e-flex e-con e-child\" data-id=\"11353966\" data-element_type=\"container\" id=\"struttura\">\n\t\t\t\t<div class=\"elementor-element elementor-element-44cf348 elementor-widget elementor-widget-heading\" data-id=\"44cf348\" data-element_type=\"widget\" data-widget_type=\"heading.default\">\n\t\t\t\t<div class=\"elementor-widget-container\">\n\t\t\t\t\t<h2 class=\"elementor-heading-title elementor-size-default\">Flooring systems<\/h2>\t\t\t\t<\/div>\n\t\t\t\t<\/div>\n\t\t\t\t<div class=\"elementor-element elementor-element-6dfa4a58 elementor-widget elementor-widget-text-editor\" data-id=\"6dfa4a58\" data-element_type=\"widget\" data-widget_type=\"text-editor.default\">\n\t\t\t\t<div class=\"elementor-widget-container\">\n\t\t\t\t\t\t\t\t\t<p class=\"translation-block\"><b>Eurotend marquee<\/b> flooring systems ensure perfect layout and stability of the exposed wooden <b>platform<\/b>. The floor, with a standard load capacity of 500 kg\/sqm evenly distributed, is made of planed <b>spruce<\/b> boards treated with class 1 fire <b>retardant varnish<\/b>. These are mounted on a hot-dip galvanized <b>steel<\/b> lattice frame and secured by <b>aluminium<\/b> rails. Eurotend offers installation at floor level, with the possibility of compensating for ground unevenness by using shims or tubular steel substructures. Depending on the intended use, the platforms can be covered with<b> carpet <\/b>or washable <b>rubber<\/b>, both with Class 1 <b>fire<\/b> rating.<\/p>\t\t\t\t\t\t\t\t<\/div>\n\t\t\t\t<\/div>\n\t\t\t\t<div class=\"elementor-element elementor-element-11beced1 elementor-align-left elementor-mobile-align-left elementor-widget elementor-widget-button\" data-id=\"11beced1\" data-element_type=\"widget\" data-widget_type=\"button.default\">\n\t\t\t\t<div class=\"elementor-widget-container\">\n\t\t\t\t\t\t\t\t\t<div class=\"elementor-button-wrapper\">\n\t\t\t\t\t<a class=\"elementor-button elementor-button-link elementor-size-sm\" href=\"https:\/\/www.eurotend.it\/en\/contatti\/\">\n\t\t\t\t\t\t<span class=\"elementor-button-content-wrapper\">\n\t\t\t\t\t\t\t\t\t<span class=\"elementor-button-text\">Contact us<\/span>\n\t\t\t\t\t<\/span>\n\t\t\t\t\t<\/a>\n\t\t\t\t<\/div>\n\t\t\t\t\t\t\t\t<\/div>\n\t\t\t\t<\/div>\n\t\t\t\t<\/div>\n\t\t<div class=\"elementor-element elementor-element-103d570f e-con-full elementor-hidden-tablet e-flex e-con e-child\" data-id=\"103d570f\" data-element_type=\"container\">\n\t\t\t\t<div class=\"elementor-element elementor-element-67a74c8d elementor-widget elementor-widget-image\" data-id=\"67a74c8d\" data-element_type=\"widget\" data-widget_type=\"image.default\">\n\t\t\t\t<div class=\"elementor-widget-container\">\n\t\t\t\t\t\t\t\t\t\t\t\t\t\t\t<img decoding=\"async\" width=\"800\" height=\"600\" src=\"https:\/\/www.eurotend.it\/wp-content\/uploads\/2024\/06\/eurotend-galleria-immagini-pavimentazioni-2.jpg\" class=\"attachment-full size-full wp-image-719\" alt=\"Eurotend Pavimenti\" srcset=\"https:\/\/www.eurotend.it\/wp-content\/uploads\/2024\/06\/eurotend-galleria-immagini-pavimentazioni-2.jpg 800w, https:\/\/www.eurotend.it\/wp-content\/uploads\/2024\/06\/eurotend-galleria-immagini-pavimentazioni-2-300x225.jpg 300w, https:\/\/www.eurotend.it\/wp-content\/uploads\/2024\/06\/eurotend-galleria-immagini-pavimentazioni-2-768x576.jpg 768w\" sizes=\"(max-width: 800px) 100vw, 800px\" \/>\t\t\t\t\t\t\t\t\t\t\t\t\t\t\t<\/div>\n\t\t\t\t<\/div>\n\t\t\t\t<\/div>\n\t\t\t\t\t<\/div>\n\t\t\t\t<\/div>\n\t\t<div class=\"elementor-element elementor-element-475b5ef e-con-full e-flex e-con e-parent\" data-id=\"475b5ef\" data-element_type=\"container\">\n\t\t\t\t<div class=\"elementor-element elementor-element-4679000e elementor-widget__width-initial elementor-widget elementor-widget-image-carousel\" data-id=\"4679000e\" data-element_type=\"widget\" data-settings=\"{&quot;slides_to_show&quot;:&quot;3&quot;,&quot;navigation&quot;:&quot;none&quot;,&quot;autoplay&quot;:&quot;yes&quot;,&quot;pause_on_hover&quot;:&quot;yes&quot;,&quot;pause_on_interaction&quot;:&quot;yes&quot;,&quot;autoplay_speed&quot;:5000,&quot;infinite&quot;:&quot;yes&quot;,&quot;speed&quot;:500,&quot;image_spacing_custom&quot;:{&quot;unit&quot;:&quot;px&quot;,&quot;size&quot;:20,&quot;sizes&quot;:[]},&quot;image_spacing_custom_tablet&quot;:{&quot;unit&quot;:&quot;px&quot;,&quot;size&quot;:&quot;&quot;,&quot;sizes&quot;:[]},&quot;image_spacing_custom_mobile&quot;:{&quot;unit&quot;:&quot;px&quot;,&quot;size&quot;:&quot;&quot;,&quot;sizes&quot;:[]}}\" data-widget_type=\"image-carousel.default\">\n\t\t\t\t<div class=\"elementor-widget-container\">\n\t\t\t\t\t\t\t<div class=\"elementor-image-carousel-wrapper swiper\" role=\"region\" aria-roledescription=\"carousel\" aria-label=\"Carosello d&#039;immagini\" dir=\"ltr\">\n\t\t\t<div class=\"elementor-image-carousel swiper-wrapper\" aria-live=\"off\">\n\t\t\t\t\t\t\t\t<div class=\"swiper-slide\" role=\"group\" aria-roledescription=\"slide\" aria-label=\"1 of 6\"><figure class=\"swiper-slide-inner\"><img decoding=\"async\" class=\"swiper-slide-image\" src=\"https:\/\/www.eurotend.it\/wp-content\/uploads\/2024\/11\/15_11zon.webp\" alt=\"Eurotend, pavimenti per tendostrutture\" \/><\/figure><\/div><div class=\"swiper-slide\" role=\"group\" aria-roledescription=\"slide\" aria-label=\"2 of 6\"><figure class=\"swiper-slide-inner\"><img decoding=\"async\" class=\"swiper-slide-image\" src=\"https:\/\/www.eurotend.it\/wp-content\/uploads\/2024\/11\/16_11zon.webp\" alt=\"Eurotend, pavimenti per tendostrutture\" \/><\/figure><\/div><div class=\"swiper-slide\" role=\"group\" aria-roledescription=\"slide\" aria-label=\"3 of 6\"><figure class=\"swiper-slide-inner\"><img decoding=\"async\" class=\"swiper-slide-image\" src=\"https:\/\/www.eurotend.it\/wp-content\/uploads\/2024\/11\/18_11zon.webp\" alt=\"Eurotend, tendostrutture pavimenti\" \/><\/figure><\/div><div class=\"swiper-slide\" role=\"group\" aria-roledescription=\"slide\" aria-label=\"4 of 6\"><figure class=\"swiper-slide-inner\"><img decoding=\"async\" class=\"swiper-slide-image\" src=\"https:\/\/www.eurotend.it\/wp-content\/uploads\/2024\/11\/17_11zon.webp\" alt=\"Eurotend, pavimenti tendostrutture\" \/><\/figure><\/div><div class=\"swiper-slide\" role=\"group\" aria-roledescription=\"slide\" aria-label=\"5 of 6\"><figure class=\"swiper-slide-inner\"><img decoding=\"async\" class=\"swiper-slide-image\" src=\"https:\/\/www.eurotend.it\/wp-content\/uploads\/2024\/06\/Eurotend-immagini-1-copia-1.png\" alt=\"Eurotend Pavimenti\" \/><\/figure><\/div><div class=\"swiper-slide\" role=\"group\" aria-roledescription=\"slide\" aria-label=\"6 of 6\"><figure class=\"swiper-slide-inner\"><img decoding=\"async\" class=\"swiper-slide-image\" src=\"https:\/\/www.eurotend.it\/wp-content\/uploads\/2024\/06\/Eurotend-immagini-1-4.png\" alt=\"Eurotend Pavimenti\" \/><\/figure><\/div>\t\t\t<\/div>\n\t\t\t\t\t\t\t\n\t\t\t\t\t\t\t\t\t<\/div>\n\t\t\t\t\t\t<\/div>\n\t\t\t\t<\/div>\n\t\t\t\t<\/div>\n\t\t\t\t<\/div>","protected":false},"excerpt":{"rendered":"<p>Pavimenti Le tendostrutture Eurotend sono progettate per realizzare superfici coperte di eccellente qualit\u00e0 ed elevato standard tecnico, rispondendo tempestivamente alle esigenze dei clienti pi\u00f9 esigenti. Scopri di pi\u00f9 Sistemi di pavimentazione I sistemi di pavimentazione per tendostrutture Eurotend assicurano una disposizione perfetta e stabilit\u00e0 della pedana in legno a vista. Il pavimento, con capacit\u00e0 di [&hellip;]<\/p>","protected":false},"author":1,"featured_media":0,"parent":0,"menu_order":0,"comment_status":"closed","ping_status":"closed","template":"elementor_header_footer","meta":{"footnotes":""},"class_list":["post-705","page","type-page","status-publish","hentry"],"yoast_head":"<!-- This site is optimized with the Yoast SEO plugin v24.7 - https:\/\/yoast.com\/wordpress\/plugins\/seo\/ -->\n<title>Pavimenti - Eurotend<\/title>\n<meta name=\"description\" content=\"Eurotend garantisce un montaggio perfetto su pavimentazioni regolari e terreni con dislivelli, utilizzando spessori o altre soluzioni adatte\" \/>\n<meta name=\"robots\" content=\"index, follow, max-snippet:-1, max-image-preview:large, max-video-preview:-1\" \/>\n<link rel=\"canonical\" href=\"https:\/\/www.eurotend.it\/en\/pavimenti\/\" \/>\n<meta property=\"og:locale\" content=\"en_GB\" \/>\n<meta property=\"og:type\" content=\"article\" \/>\n<meta property=\"og:title\" content=\"Pavimenti - Eurotend\" \/>\n<meta property=\"og:description\" content=\"Eurotend garantisce un montaggio perfetto su pavimentazioni regolari e terreni con dislivelli, utilizzando spessori o altre soluzioni adatte\" \/>\n<meta property=\"og:url\" content=\"https:\/\/www.eurotend.it\/en\/pavimenti\/\" \/>\n<meta property=\"og:site_name\" content=\"Eurotend\" \/>\n<meta property=\"article:modified_time\" content=\"2025-10-29T09:24:43+00:00\" \/>\n<meta property=\"og:image\" content=\"https:\/\/www.eurotend.it\/wp-content\/uploads\/2024\/06\/New-Logo-Eurotend.png\" \/>\n\t<meta property=\"og:image:width\" content=\"992\" \/>\n\t<meta property=\"og:image:height\" content=\"373\" \/>\n\t<meta property=\"og:image:type\" content=\"image\/png\" \/>\n<meta name=\"twitter:card\" content=\"summary_large_image\" \/>\n<meta name=\"twitter:label1\" content=\"Estimated reading time\" \/>\n\t<meta name=\"twitter:data1\" content=\"3 minutes\" \/>\n<script type=\"application\/ld+json\" class=\"yoast-schema-graph\">{\"@context\":\"https:\/\/schema.org\",\"@graph\":[{\"@type\":\"WebPage\",\"@id\":\"https:\/\/www.eurotend.it\/pavimenti\/\",\"url\":\"https:\/\/www.eurotend.it\/pavimenti\/\",\"name\":\"Pavimenti - Eurotend\",\"isPartOf\":{\"@id\":\"https:\/\/www.eurotend.it\/#website\"},\"primaryImageOfPage\":{\"@id\":\"https:\/\/www.eurotend.it\/pavimenti\/#primaryimage\"},\"image\":{\"@id\":\"https:\/\/www.eurotend.it\/pavimenti\/#primaryimage\"},\"thumbnailUrl\":\"https:\/\/www.eurotend.it\/wp-content\/uploads\/2024\/06\/New-Logo-Eurotend.png\",\"datePublished\":\"2024-06-25T13:06:09+00:00\",\"dateModified\":\"2025-10-29T09:24:43+00:00\",\"description\":\"Eurotend garantisce un montaggio perfetto su pavimentazioni regolari e terreni con dislivelli, utilizzando spessori o altre soluzioni adatte\",\"breadcrumb\":{\"@id\":\"https:\/\/www.eurotend.it\/pavimenti\/#breadcrumb\"},\"inLanguage\":\"en-GB\",\"potentialAction\":[{\"@type\":\"ReadAction\",\"target\":[\"https:\/\/www.eurotend.it\/pavimenti\/\"]}]},{\"@type\":\"ImageObject\",\"inLanguage\":\"en-GB\",\"@id\":\"https:\/\/www.eurotend.it\/pavimenti\/#primaryimage\",\"url\":\"https:\/\/www.eurotend.it\/wp-content\/uploads\/2024\/06\/New-Logo-Eurotend.png\",\"contentUrl\":\"https:\/\/www.eurotend.it\/wp-content\/uploads\/2024\/06\/New-Logo-Eurotend.png\"},{\"@type\":\"BreadcrumbList\",\"@id\":\"https:\/\/www.eurotend.it\/pavimenti\/#breadcrumb\",\"itemListElement\":[{\"@type\":\"ListItem\",\"position\":1,\"name\":\"Home\",\"item\":\"https:\/\/www.eurotend.it\/\"},{\"@type\":\"ListItem\",\"position\":2,\"name\":\"Pavimenti\"}]},{\"@type\":\"WebSite\",\"@id\":\"https:\/\/www.eurotend.it\/#website\",\"url\":\"https:\/\/www.eurotend.it\/\",\"name\":\"Eurotend\",\"description\":\"\",\"publisher\":{\"@id\":\"https:\/\/www.eurotend.it\/#organization\"},\"potentialAction\":[{\"@type\":\"SearchAction\",\"target\":{\"@type\":\"EntryPoint\",\"urlTemplate\":\"https:\/\/www.eurotend.it\/?s={search_term_string}\"},\"query-input\":{\"@type\":\"PropertyValueSpecification\",\"valueRequired\":true,\"valueName\":\"search_term_string\"}}],\"inLanguage\":\"en-GB\"},{\"@type\":\"Organization\",\"@id\":\"https:\/\/www.eurotend.it\/#organization\",\"name\":\"Eurotend\",\"url\":\"https:\/\/www.eurotend.it\/\",\"logo\":{\"@type\":\"ImageObject\",\"inLanguage\":\"en-GB\",\"@id\":\"https:\/\/www.eurotend.it\/#\/schema\/logo\/image\/\",\"url\":\"https:\/\/www.eurotend.it\/wp-content\/uploads\/2024\/06\/New-Logo-Eurotend-1.png\",\"contentUrl\":\"https:\/\/www.eurotend.it\/wp-content\/uploads\/2024\/06\/New-Logo-Eurotend-1.png\",\"width\":512,\"height\":512,\"caption\":\"Eurotend\"},\"image\":{\"@id\":\"https:\/\/www.eurotend.it\/#\/schema\/logo\/image\/\"}}]}<\/script>\n<!-- \/ Yoast SEO plugin. -->","yoast_head_json":{"title":"Pavimenti - Eurotend","description":"Eurotend garantisce un montaggio perfetto su pavimentazioni regolari e terreni con dislivelli, utilizzando spessori o altre soluzioni adatte","robots":{"index":"index","follow":"follow","max-snippet":"max-snippet:-1","max-image-preview":"max-image-preview:large","max-video-preview":"max-video-preview:-1"},"canonical":"https:\/\/www.eurotend.it\/en\/pavimenti\/","og_locale":"en_GB","og_type":"article","og_title":"Pavimenti - Eurotend","og_description":"Eurotend garantisce un montaggio perfetto su pavimentazioni regolari e terreni con dislivelli, utilizzando spessori o altre soluzioni adatte","og_url":"https:\/\/www.eurotend.it\/en\/pavimenti\/","og_site_name":"Eurotend","article_modified_time":"2025-10-29T09:24:43+00:00","og_image":[{"width":992,"height":373,"url":"https:\/\/www.eurotend.it\/wp-content\/uploads\/2024\/06\/New-Logo-Eurotend.png","type":"image\/png"}],"twitter_card":"summary_large_image","twitter_misc":{"Estimated reading time":"3 minutes"},"schema":{"@context":"https:\/\/schema.org","@graph":[{"@type":"WebPage","@id":"https:\/\/www.eurotend.it\/pavimenti\/","url":"https:\/\/www.eurotend.it\/pavimenti\/","name":"Pavimenti - Eurotend","isPartOf":{"@id":"https:\/\/www.eurotend.it\/#website"},"primaryImageOfPage":{"@id":"https:\/\/www.eurotend.it\/pavimenti\/#primaryimage"},"image":{"@id":"https:\/\/www.eurotend.it\/pavimenti\/#primaryimage"},"thumbnailUrl":"https:\/\/www.eurotend.it\/wp-content\/uploads\/2024\/06\/New-Logo-Eurotend.png","datePublished":"2024-06-25T13:06:09+00:00","dateModified":"2025-10-29T09:24:43+00:00","description":"Eurotend garantisce un montaggio perfetto su pavimentazioni regolari e terreni con dislivelli, utilizzando spessori o altre soluzioni adatte","breadcrumb":{"@id":"https:\/\/www.eurotend.it\/pavimenti\/#breadcrumb"},"inLanguage":"en-GB","potentialAction":[{"@type":"ReadAction","target":["https:\/\/www.eurotend.it\/pavimenti\/"]}]},{"@type":"ImageObject","inLanguage":"en-GB","@id":"https:\/\/www.eurotend.it\/pavimenti\/#primaryimage","url":"https:\/\/www.eurotend.it\/wp-content\/uploads\/2024\/06\/New-Logo-Eurotend.png","contentUrl":"https:\/\/www.eurotend.it\/wp-content\/uploads\/2024\/06\/New-Logo-Eurotend.png"},{"@type":"BreadcrumbList","@id":"https:\/\/www.eurotend.it\/pavimenti\/#breadcrumb","itemListElement":[{"@type":"ListItem","position":1,"name":"Home","item":"https:\/\/www.eurotend.it\/"},{"@type":"ListItem","position":2,"name":"Pavimenti"}]},{"@type":"WebSite","@id":"https:\/\/www.eurotend.it\/#website","url":"https:\/\/www.eurotend.it\/","name":"Eurotend","description":"","publisher":{"@id":"https:\/\/www.eurotend.it\/#organization"},"potentialAction":[{"@type":"SearchAction","target":{"@type":"EntryPoint","urlTemplate":"https:\/\/www.eurotend.it\/?s={search_term_string}"},"query-input":{"@type":"PropertyValueSpecification","valueRequired":true,"valueName":"search_term_string"}}],"inLanguage":"en-GB"},{"@type":"Organization","@id":"https:\/\/www.eurotend.it\/#organization","name":"Eurotend","url":"https:\/\/www.eurotend.it\/","logo":{"@type":"ImageObject","inLanguage":"en-GB","@id":"https:\/\/www.eurotend.it\/#\/schema\/logo\/image\/","url":"https:\/\/www.eurotend.it\/wp-content\/uploads\/2024\/06\/New-Logo-Eurotend-1.png","contentUrl":"https:\/\/www.eurotend.it\/wp-content\/uploads\/2024\/06\/New-Logo-Eurotend-1.png","width":512,"height":512,"caption":"Eurotend"},"image":{"@id":"https:\/\/www.eurotend.it\/#\/schema\/logo\/image\/"}}]}},"_links":{"self":[{"href":"https:\/\/www.eurotend.it\/en\/wp-json\/wp\/v2\/pages\/705","targetHints":{"allow":["GET"]}}],"collection":[{"href":"https:\/\/www.eurotend.it\/en\/wp-json\/wp\/v2\/pages"}],"about":[{"href":"https:\/\/www.eurotend.it\/en\/wp-json\/wp\/v2\/types\/page"}],"author":[{"embeddable":true,"href":"https:\/\/www.eurotend.it\/en\/wp-json\/wp\/v2\/users\/1"}],"replies":[{"embeddable":true,"href":"https:\/\/www.eurotend.it\/en\/wp-json\/wp\/v2\/comments?post=705"}],"version-history":[{"count":79,"href":"https:\/\/www.eurotend.it\/en\/wp-json\/wp\/v2\/pages\/705\/revisions"}],"predecessor-version":[{"id":4239,"href":"https:\/\/www.eurotend.it\/en\/wp-json\/wp\/v2\/pages\/705\/revisions\/4239"}],"wp:attachment":[{"href":"https:\/\/www.eurotend.it\/en\/wp-json\/wp\/v2\/media?parent=705"}],"curies":[{"name":"wp","href":"https:\/\/api.w.org\/{rel}","templated":true}]}}