{"id":457,"date":"2024-06-24T16:31:44","date_gmt":"2024-06-24T14:31:44","guid":{"rendered":"https:\/\/www.eurotend.it\/?page_id=457"},"modified":"2025-10-29T10:22:06","modified_gmt":"2025-10-29T09:22:06","slug":"tende-speciali","status":"publish","type":"page","link":"https:\/\/www.eurotend.it\/en\/tende-speciali\/","title":{"rendered":"Tende speciali"},"content":{"rendered":"<div data-elementor-type=\"wp-page\" data-elementor-id=\"457\" class=\"elementor elementor-457\" data-elementor-post-type=\"page\">\n\t\t\t\t\t\t<section class=\"elementor-section elementor-top-section elementor-element elementor-element-587c14c8 elementor-section-full_width elementor-section-height-default elementor-section-height-default\" data-id=\"587c14c8\" data-element_type=\"section\">\n\t\t\t\t\t\t<div class=\"elementor-container elementor-column-gap-no\">\n\t\t\t\t\t<div class=\"elementor-column elementor-col-100 elementor-top-column elementor-element elementor-element-2429846f\" data-id=\"2429846f\" data-element_type=\"column\">\n\t\t\t<div class=\"elementor-widget-wrap elementor-element-populated\">\n\t\t\t\t\t\t<section class=\"elementor-section elementor-inner-section elementor-element elementor-element-7abe0f86 elementor-section-full_width elementor-section-height-default elementor-section-height-default\" data-id=\"7abe0f86\" data-element_type=\"section\">\n\t\t\t\t\t\t<div class=\"elementor-container elementor-column-gap-no\">\n\t\t\t\t\t<div class=\"elementor-column elementor-col-50 elementor-inner-column elementor-element elementor-element-3c8baf92\" data-id=\"3c8baf92\" data-element_type=\"column\">\n\t\t\t<div class=\"elementor-widget-wrap elementor-element-populated\">\n\t\t\t\t\t\t<div class=\"elementor-element elementor-element-4e6e745 elementor-widget elementor-widget-image\" data-id=\"4e6e745\" data-element_type=\"widget\" data-widget_type=\"image.default\">\n\t\t\t\t<div class=\"elementor-widget-container\">\n\t\t\t\t\t\t\t\t\t\t\t\t\t\t\t<img fetchpriority=\"high\" decoding=\"async\" width=\"800\" height=\"301\" src=\"https:\/\/www.eurotend.it\/wp-content\/uploads\/2024\/06\/New-Logo-Eurotend.png\" class=\"attachment-large size-large wp-image-1424\" alt=\"Eurotend new logo\" srcset=\"https:\/\/www.eurotend.it\/wp-content\/uploads\/2024\/06\/New-Logo-Eurotend.png 992w, https:\/\/www.eurotend.it\/wp-content\/uploads\/2024\/06\/New-Logo-Eurotend-300x113.png 300w, https:\/\/www.eurotend.it\/wp-content\/uploads\/2024\/06\/New-Logo-Eurotend-768x289.png 768w\" sizes=\"(max-width: 800px) 100vw, 800px\" \/>\t\t\t\t\t\t\t\t\t\t\t\t\t\t\t<\/div>\n\t\t\t\t<\/div>\n\t\t\t\t<div class=\"elementor-element elementor-element-73a53b3f elementor-widget elementor-widget-heading\" data-id=\"73a53b3f\" data-element_type=\"widget\" data-widget_type=\"heading.default\">\n\t\t\t\t<div class=\"elementor-widget-container\">\n\t\t\t\t\t<h1 class=\"elementor-heading-title elementor-size-default\">Special tents<\/h1>\t\t\t\t<\/div>\n\t\t\t\t<\/div>\n\t\t\t\t\t<\/div>\n\t\t<\/div>\n\t\t\t\t<div class=\"elementor-column elementor-col-50 elementor-inner-column elementor-element elementor-element-54e0d19\" data-id=\"54e0d19\" data-element_type=\"column\">\n\t\t\t<div class=\"elementor-widget-wrap elementor-element-populated\">\n\t\t\t\t\t\t<div class=\"elementor-element elementor-element-5e551ad5 elementor-widget__width-initial elementor-widget elementor-widget-text-editor\" data-id=\"5e551ad5\" data-element_type=\"widget\" data-widget_type=\"text-editor.default\">\n\t\t\t\t<div class=\"elementor-widget-container\">\n\t\t\t\t\t\t\t\t\t<p>Eurotend Spa offers special tents characterised by distinctive design, flexible in shapes and combinations to meet different customer requirements.<\/p>\t\t\t\t\t\t\t\t<\/div>\n\t\t\t\t<\/div>\n\t\t\t\t<div class=\"elementor-element elementor-element-30ad2ce2 elementor-align-left elementor-mobile-align-left elementor-widget elementor-widget-button\" data-id=\"30ad2ce2\" data-element_type=\"widget\" data-widget_type=\"button.default\">\n\t\t\t\t<div class=\"elementor-widget-container\">\n\t\t\t\t\t\t\t\t\t<div class=\"elementor-button-wrapper\">\n\t\t\t\t\t<a class=\"elementor-button elementor-button-link elementor-size-sm\" href=\"#struttura\">\n\t\t\t\t\t\t<span class=\"elementor-button-content-wrapper\">\n\t\t\t\t\t\t\t\t\t<span class=\"elementor-button-text\">MORE<\/span>\n\t\t\t\t\t<\/span>\n\t\t\t\t\t<\/a>\n\t\t\t\t<\/div>\n\t\t\t\t\t\t\t\t<\/div>\n\t\t\t\t<\/div>\n\t\t\t\t\t<\/div>\n\t\t<\/div>\n\t\t\t\t\t<\/div>\n\t\t<\/section>\n\t\t\t\t\t<\/div>\n\t\t<\/div>\n\t\t\t\t\t<\/div>\n\t\t<\/section>\n\t\t\t\t<section class=\"elementor-section elementor-top-section elementor-element elementor-element-83c236c elementor-section-full_width elementor-section-height-default elementor-section-height-default\" data-id=\"83c236c\" data-element_type=\"section\">\n\t\t\t\t\t\t<div class=\"elementor-container elementor-column-gap-no\">\n\t\t\t\t\t<div class=\"elementor-column elementor-col-100 elementor-top-column elementor-element elementor-element-5b29dbf9\" data-id=\"5b29dbf9\" data-element_type=\"column\">\n\t\t\t<div class=\"elementor-widget-wrap elementor-element-populated\">\n\t\t\t\t\t\t<div class=\"elementor-element elementor-element-4bb36471 elementor-widget elementor-widget-image\" data-id=\"4bb36471\" data-element_type=\"widget\" data-widget_type=\"image.default\">\n\t\t\t\t<div class=\"elementor-widget-container\">\n\t\t\t\t\t\t\t\t\t\t\t\t\t\t\t<img decoding=\"async\" width=\"2048\" height=\"1366\" src=\"https:\/\/www.eurotend.it\/wp-content\/uploads\/2024\/06\/internoottagonale-2048x1366.jpg\" class=\"attachment-2048x2048 size-2048x2048 wp-image-461\" alt=\"Eurotend tendostrutture ottagonali\" srcset=\"https:\/\/www.eurotend.it\/wp-content\/uploads\/2024\/06\/internoottagonale-2048x1366.jpg 2048w, https:\/\/www.eurotend.it\/wp-content\/uploads\/2024\/06\/internoottagonale-300x200.jpg 300w, https:\/\/www.eurotend.it\/wp-content\/uploads\/2024\/06\/internoottagonale-1024x683.jpg 1024w, https:\/\/www.eurotend.it\/wp-content\/uploads\/2024\/06\/internoottagonale-768x512.jpg 768w, https:\/\/www.eurotend.it\/wp-content\/uploads\/2024\/06\/internoottagonale-1536x1024.jpg 1536w\" sizes=\"(max-width: 2048px) 100vw, 2048px\" \/>\t\t\t\t\t\t\t\t\t\t\t\t\t\t\t<\/div>\n\t\t\t\t<\/div>\n\t\t\t\t\t<\/div>\n\t\t<\/div>\n\t\t\t\t\t<\/div>\n\t\t<\/section>\n\t\t<div class=\"elementor-element elementor-element-74747667 e-flex e-con-boxed e-con e-parent\" data-id=\"74747667\" data-element_type=\"container\">\n\t\t\t\t\t<div class=\"e-con-inner\">\n\t\t<div class=\"elementor-element elementor-element-2d0f1011 e-con-full e-flex e-con e-child\" data-id=\"2d0f1011\" data-element_type=\"container\" id=\"struttura\">\n\t\t\t\t<div class=\"elementor-element elementor-element-69e4d107 elementor-widget elementor-widget-heading\" data-id=\"69e4d107\" data-element_type=\"widget\" data-widget_type=\"heading.default\">\n\t\t\t\t<div class=\"elementor-widget-container\">\n\t\t\t\t\t<h2 class=\"elementor-heading-title elementor-size-default\">Structure<\/h2>\t\t\t\t<\/div>\n\t\t\t\t<\/div>\n\t\t\t\t<div class=\"elementor-element elementor-element-18cf6323 elementor-widget elementor-widget-text-editor\" data-id=\"18cf6323\" data-element_type=\"widget\" data-widget_type=\"text-editor.default\">\n\t\t\t\t<div class=\"elementor-widget-container\">\n\t\t\t\t\t\t\t\t\t<p class=\"translation-block\">Our coverings are designed to offer <b>versatility in shape and size<\/b>, combining aesthetics and functionality harmoniously. Octagonal and dodecagonal variants are particularly popular for their scenic impact, often required to optimise space at large exhibition events. We also offer elegant solutions such as <b>tunnels and walkways between modules<\/b>, ideal for events in prestigious locations. Semi-octagonal or semi-dodecagonal apse tents extend the traditional double-pitch structure, while cusped variants add a distinctive decorative touch, breaking the monotony of the double-pitch roof.<\/p>\t\t\t\t\t\t\t\t<\/div>\n\t\t\t\t<\/div>\n\t\t\t\t<div class=\"elementor-element elementor-element-cf4b753 elementor-align-left elementor-mobile-align-left elementor-widget elementor-widget-button\" data-id=\"cf4b753\" data-element_type=\"widget\" data-widget_type=\"button.default\">\n\t\t\t\t<div class=\"elementor-widget-container\">\n\t\t\t\t\t\t\t\t\t<div class=\"elementor-button-wrapper\">\n\t\t\t\t\t<a class=\"elementor-button elementor-button-link elementor-size-sm\" href=\"https:\/\/www.eurotend.it\/en\/contatti\/\">\n\t\t\t\t\t\t<span class=\"elementor-button-content-wrapper\">\n\t\t\t\t\t\t\t\t\t<span class=\"elementor-button-text\">Contact us<\/span>\n\t\t\t\t\t<\/span>\n\t\t\t\t\t<\/a>\n\t\t\t\t<\/div>\n\t\t\t\t\t\t\t\t<\/div>\n\t\t\t\t<\/div>\n\t\t\t\t<\/div>\n\t\t<div class=\"elementor-element elementor-element-21a91142 e-con-full elementor-hidden-tablet e-flex e-con e-child\" data-id=\"21a91142\" data-element_type=\"container\">\n\t\t\t\t<div class=\"elementor-element elementor-element-19921df3 elementor-widget elementor-widget-image\" data-id=\"19921df3\" data-element_type=\"widget\" data-widget_type=\"image.default\">\n\t\t\t\t<div class=\"elementor-widget-container\">\n\t\t\t\t\t\t\t\t\t\t\t\t\t\t\t<img decoding=\"async\" width=\"1920\" height=\"1280\" src=\"https:\/\/www.eurotend.it\/wp-content\/uploads\/2024\/06\/Eurotend-22.png\" class=\"attachment-full size-full wp-image-460\" alt=\"Eurotend Tende speciali ottagonali\" srcset=\"https:\/\/www.eurotend.it\/wp-content\/uploads\/2024\/06\/Eurotend-22.png 1920w, https:\/\/www.eurotend.it\/wp-content\/uploads\/2024\/06\/Eurotend-22-300x200.png 300w, https:\/\/www.eurotend.it\/wp-content\/uploads\/2024\/06\/Eurotend-22-1024x683.png 1024w, https:\/\/www.eurotend.it\/wp-content\/uploads\/2024\/06\/Eurotend-22-768x512.png 768w, https:\/\/www.eurotend.it\/wp-content\/uploads\/2024\/06\/Eurotend-22-1536x1024.png 1536w\" sizes=\"(max-width: 1920px) 100vw, 1920px\" \/>\t\t\t\t\t\t\t\t\t\t\t\t\t\t\t<\/div>\n\t\t\t\t<\/div>\n\t\t\t\t<\/div>\n\t\t\t\t\t<\/div>\n\t\t\t\t<\/div>\n\t\t<div class=\"elementor-element elementor-element-41483fbb e-flex e-con-boxed e-con e-parent\" data-id=\"41483fbb\" data-element_type=\"container\">\n\t\t\t\t\t<div class=\"e-con-inner\">\n\t\t<div class=\"elementor-element elementor-element-63785919 e-con-full elementor-hidden-tablet e-flex e-con e-child\" data-id=\"63785919\" data-element_type=\"container\">\n\t\t\t\t<div class=\"elementor-element elementor-element-11abccac elementor-widget elementor-widget-image\" data-id=\"11abccac\" data-element_type=\"widget\" data-widget_type=\"image.default\">\n\t\t\t\t<div class=\"elementor-widget-container\">\n\t\t\t\t\t\t\t\t\t\t\t\t\t\t\t<img loading=\"lazy\" decoding=\"async\" width=\"575\" height=\"322\" src=\"https:\/\/www.eurotend.it\/wp-content\/uploads\/2024\/06\/speciali-1.png\" class=\"attachment-full size-full wp-image-470\" alt=\"\" srcset=\"https:\/\/www.eurotend.it\/wp-content\/uploads\/2024\/06\/speciali-1.png 575w, https:\/\/www.eurotend.it\/wp-content\/uploads\/2024\/06\/speciali-1-300x168.png 300w\" sizes=\"(max-width: 575px) 100vw, 575px\" \/>\t\t\t\t\t\t\t\t\t\t\t\t\t\t\t<\/div>\n\t\t\t\t<\/div>\n\t\t\t\t<\/div>\n\t\t<div class=\"elementor-element elementor-element-17b54bca e-con-full e-flex e-con e-child\" data-id=\"17b54bca\" data-element_type=\"container\">\n\t\t\t\t<div class=\"elementor-element elementor-element-2ac5ecd8 elementor-widget elementor-widget-heading\" data-id=\"2ac5ecd8\" data-element_type=\"widget\" data-widget_type=\"heading.default\">\n\t\t\t\t<div class=\"elementor-widget-container\">\n\t\t\t\t\t<h2 class=\"elementor-heading-title elementor-size-default\">Key features<\/h2>\t\t\t\t<\/div>\n\t\t\t\t<\/div>\n\t\t\t\t<div class=\"elementor-element elementor-element-bbeef18 elementor-widget elementor-widget-text-editor\" data-id=\"bbeef18\" data-element_type=\"widget\" data-widget_type=\"text-editor.default\">\n\t\t\t\t<div class=\"elementor-widget-container\">\n\t\t\t\t\t\t\t\t\t<p class=\"translation-block\">The supporting structures of the special tents are made of <b>anodized aluminium<\/b> and fixed to the ground with steel stakes. If the ground does not allow it, we use ballasts or chemical anchors. Stability is ensured by steel bracing. A water-repellent, mold-, dirt- and fire resistant <b>PVC sheet <\/b>with Class 2 fire reaction rating is used for the roofing and side enclosure. <b>PVC<\/b> covers, available in various finishes, are always perfect thanks to our washing procedures.<\/p>\t\t\t\t\t\t\t\t<\/div>\n\t\t\t\t<\/div>\n\t\t\t\t<div class=\"elementor-element elementor-element-66a2ecd elementor-align-left elementor-mobile-align-left elementor-widget elementor-widget-button\" data-id=\"66a2ecd\" data-element_type=\"widget\" data-widget_type=\"button.default\">\n\t\t\t\t<div class=\"elementor-widget-container\">\n\t\t\t\t\t\t\t\t\t<div class=\"elementor-button-wrapper\">\n\t\t\t\t\t<a class=\"elementor-button elementor-button-link elementor-size-sm\" href=\"https:\/\/www.eurotend.it\/wp-content\/uploads\/2025\/05\/Specifiche-tecniche-Eurotend-3.pdf\" target=\"_blank\">\n\t\t\t\t\t\t<span class=\"elementor-button-content-wrapper\">\n\t\t\t\t\t\t\t\t\t<span class=\"elementor-button-text\">TECHNICAL SPECIFICATIONS<\/span>\n\t\t\t\t\t<\/span>\n\t\t\t\t\t<\/a>\n\t\t\t\t<\/div>\n\t\t\t\t\t\t\t\t<\/div>\n\t\t\t\t<\/div>\n\t\t\t\t<\/div>\n\t\t\t\t\t<\/div>\n\t\t\t\t<\/div>\n\t\t<div class=\"elementor-element elementor-element-8ce6c04 e-con-full e-flex e-con e-parent\" data-id=\"8ce6c04\" data-element_type=\"container\">\n\t\t\t\t<div class=\"elementor-element elementor-element-6a0dbc9 elementor-widget__width-initial elementor-widget elementor-widget-image-carousel\" data-id=\"6a0dbc9\" data-element_type=\"widget\" data-settings=\"{&quot;slides_to_show&quot;:&quot;3&quot;,&quot;navigation&quot;:&quot;none&quot;,&quot;autoplay&quot;:&quot;yes&quot;,&quot;pause_on_hover&quot;:&quot;yes&quot;,&quot;pause_on_interaction&quot;:&quot;yes&quot;,&quot;autoplay_speed&quot;:5000,&quot;infinite&quot;:&quot;yes&quot;,&quot;speed&quot;:500,&quot;image_spacing_custom&quot;:{&quot;unit&quot;:&quot;px&quot;,&quot;size&quot;:20,&quot;sizes&quot;:[]},&quot;image_spacing_custom_tablet&quot;:{&quot;unit&quot;:&quot;px&quot;,&quot;size&quot;:&quot;&quot;,&quot;sizes&quot;:[]},&quot;image_spacing_custom_mobile&quot;:{&quot;unit&quot;:&quot;px&quot;,&quot;size&quot;:&quot;&quot;,&quot;sizes&quot;:[]}}\" data-widget_type=\"image-carousel.default\">\n\t\t\t\t<div class=\"elementor-widget-container\">\n\t\t\t\t\t\t\t<div class=\"elementor-image-carousel-wrapper swiper\" role=\"region\" aria-roledescription=\"carousel\" aria-label=\"Carosello d&#039;immagini\" dir=\"ltr\">\n\t\t\t<div class=\"elementor-image-carousel swiper-wrapper\" aria-live=\"off\">\n\t\t\t\t\t\t\t\t<div class=\"swiper-slide\" role=\"group\" aria-roledescription=\"slide\" aria-label=\"1 of 3\"><figure class=\"swiper-slide-inner\"><img decoding=\"async\" class=\"swiper-slide-image\" src=\"https:\/\/www.eurotend.it\/wp-content\/uploads\/2024\/06\/35.png\" alt=\"Eurotend tendostrutture speciali\" \/><\/figure><\/div><div class=\"swiper-slide\" role=\"group\" aria-roledescription=\"slide\" aria-label=\"2 of 3\"><figure class=\"swiper-slide-inner\"><img decoding=\"async\" class=\"swiper-slide-image\" src=\"https:\/\/www.eurotend.it\/wp-content\/uploads\/2024\/06\/36.png\" alt=\"eurotend tendostrutture speciali\" \/><\/figure><\/div><div class=\"swiper-slide\" role=\"group\" aria-roledescription=\"slide\" aria-label=\"3 of 3\"><figure class=\"swiper-slide-inner\"><img decoding=\"async\" class=\"swiper-slide-image\" src=\"https:\/\/www.eurotend.it\/wp-content\/uploads\/2024\/06\/37.png\" alt=\"Eurotend tendostrutture speciali\" \/><\/figure><\/div>\t\t\t<\/div>\n\t\t\t\t\t\t\t\n\t\t\t\t\t\t\t\t\t<\/div>\n\t\t\t\t\t\t<\/div>\n\t\t\t\t<\/div>\n\t\t\t\t<\/div>\n\t\t\t\t<\/div>","protected":false},"excerpt":{"rendered":"<p>Tende Speciali Eurotend Spa offre tende speciali caratterizzate da un design distintivo, flessibili nelle forme e combinazioni per soddisfare le diverse esigenze dei clienti. Scopri di pi\u00f9 La struttura Le nostre coperture sono progettate per offrire versatilit\u00e0 nelle forme e dimensioni, combinando estetica e funzionalit\u00e0 in modo armonioso. Le varianti ottagonali e dodecagonali sono particolarmente [&hellip;]<\/p>","protected":false},"author":1,"featured_media":0,"parent":0,"menu_order":0,"comment_status":"closed","ping_status":"closed","template":"elementor_header_footer","meta":{"footnotes":""},"class_list":["post-457","page","type-page","status-publish","hentry"],"yoast_head":"<!-- This site is optimized with the Yoast SEO plugin v24.7 - https:\/\/yoast.com\/wordpress\/plugins\/seo\/ -->\n<title>Tende speciali - Eurotend<\/title>\n<meta name=\"description\" content=\"Esplora le esclusive soluzioni di tende offerte da Eurotend Spa, ideali per cerimonie e inaugurazioni indimenticabili\" \/>\n<meta name=\"robots\" content=\"index, follow, max-snippet:-1, max-image-preview:large, max-video-preview:-1\" \/>\n<link rel=\"canonical\" href=\"https:\/\/www.eurotend.it\/en\/tende-speciali\/\" \/>\n<meta property=\"og:locale\" content=\"en_GB\" \/>\n<meta property=\"og:type\" content=\"article\" \/>\n<meta property=\"og:title\" content=\"Tende speciali - Eurotend\" \/>\n<meta property=\"og:description\" content=\"Esplora le esclusive soluzioni di tende offerte da Eurotend Spa, ideali per cerimonie e inaugurazioni indimenticabili\" \/>\n<meta property=\"og:url\" content=\"https:\/\/www.eurotend.it\/en\/tende-speciali\/\" \/>\n<meta property=\"og:site_name\" content=\"Eurotend\" \/>\n<meta property=\"article:modified_time\" content=\"2025-10-29T09:22:06+00:00\" \/>\n<meta property=\"og:image\" content=\"https:\/\/www.eurotend.it\/wp-content\/uploads\/2024\/06\/New-Logo-Eurotend.png\" \/>\n\t<meta property=\"og:image:width\" content=\"992\" \/>\n\t<meta property=\"og:image:height\" content=\"373\" \/>\n\t<meta property=\"og:image:type\" content=\"image\/png\" \/>\n<meta name=\"twitter:card\" content=\"summary_large_image\" \/>\n<meta name=\"twitter:label1\" content=\"Estimated reading time\" \/>\n\t<meta name=\"twitter:data1\" content=\"3 minutes\" \/>\n<script type=\"application\/ld+json\" class=\"yoast-schema-graph\">{\"@context\":\"https:\/\/schema.org\",\"@graph\":[{\"@type\":\"WebPage\",\"@id\":\"https:\/\/www.eurotend.it\/it_it\/tende-speciali\/\",\"url\":\"https:\/\/www.eurotend.it\/it_it\/tende-speciali\/\",\"name\":\"Tende speciali - Eurotend\",\"isPartOf\":{\"@id\":\"https:\/\/www.eurotend.it\/#website\"},\"primaryImageOfPage\":{\"@id\":\"https:\/\/www.eurotend.it\/it_it\/tende-speciali\/#primaryimage\"},\"image\":{\"@id\":\"https:\/\/www.eurotend.it\/it_it\/tende-speciali\/#primaryimage\"},\"thumbnailUrl\":\"https:\/\/www.eurotend.it\/wp-content\/uploads\/2024\/06\/New-Logo-Eurotend.png\",\"datePublished\":\"2024-06-24T14:31:44+00:00\",\"dateModified\":\"2025-10-29T09:22:06+00:00\",\"description\":\"Esplora le esclusive soluzioni di tende offerte da Eurotend Spa, ideali per cerimonie e inaugurazioni indimenticabili\",\"breadcrumb\":{\"@id\":\"https:\/\/www.eurotend.it\/it_it\/tende-speciali\/#breadcrumb\"},\"inLanguage\":\"en-GB\",\"potentialAction\":[{\"@type\":\"ReadAction\",\"target\":[\"https:\/\/www.eurotend.it\/it_it\/tende-speciali\/\"]}]},{\"@type\":\"ImageObject\",\"inLanguage\":\"en-GB\",\"@id\":\"https:\/\/www.eurotend.it\/it_it\/tende-speciali\/#primaryimage\",\"url\":\"https:\/\/www.eurotend.it\/wp-content\/uploads\/2024\/06\/New-Logo-Eurotend.png\",\"contentUrl\":\"https:\/\/www.eurotend.it\/wp-content\/uploads\/2024\/06\/New-Logo-Eurotend.png\"},{\"@type\":\"BreadcrumbList\",\"@id\":\"https:\/\/www.eurotend.it\/it_it\/tende-speciali\/#breadcrumb\",\"itemListElement\":[{\"@type\":\"ListItem\",\"position\":1,\"name\":\"Home\",\"item\":\"https:\/\/www.eurotend.it\/\"},{\"@type\":\"ListItem\",\"position\":2,\"name\":\"Tende speciali\"}]},{\"@type\":\"WebSite\",\"@id\":\"https:\/\/www.eurotend.it\/#website\",\"url\":\"https:\/\/www.eurotend.it\/\",\"name\":\"Eurotend\",\"description\":\"\",\"publisher\":{\"@id\":\"https:\/\/www.eurotend.it\/#organization\"},\"potentialAction\":[{\"@type\":\"SearchAction\",\"target\":{\"@type\":\"EntryPoint\",\"urlTemplate\":\"https:\/\/www.eurotend.it\/?s={search_term_string}\"},\"query-input\":{\"@type\":\"PropertyValueSpecification\",\"valueRequired\":true,\"valueName\":\"search_term_string\"}}],\"inLanguage\":\"en-GB\"},{\"@type\":\"Organization\",\"@id\":\"https:\/\/www.eurotend.it\/#organization\",\"name\":\"Eurotend\",\"url\":\"https:\/\/www.eurotend.it\/\",\"logo\":{\"@type\":\"ImageObject\",\"inLanguage\":\"en-GB\",\"@id\":\"https:\/\/www.eurotend.it\/#\/schema\/logo\/image\/\",\"url\":\"https:\/\/www.eurotend.it\/wp-content\/uploads\/2024\/06\/New-Logo-Eurotend-1.png\",\"contentUrl\":\"https:\/\/www.eurotend.it\/wp-content\/uploads\/2024\/06\/New-Logo-Eurotend-1.png\",\"width\":512,\"height\":512,\"caption\":\"Eurotend\"},\"image\":{\"@id\":\"https:\/\/www.eurotend.it\/#\/schema\/logo\/image\/\"}}]}<\/script>\n<!-- \/ Yoast SEO plugin. -->","yoast_head_json":{"title":"Tende speciali - Eurotend","description":"Esplora le esclusive soluzioni di tende offerte da Eurotend Spa, ideali per cerimonie e inaugurazioni indimenticabili","robots":{"index":"index","follow":"follow","max-snippet":"max-snippet:-1","max-image-preview":"max-image-preview:large","max-video-preview":"max-video-preview:-1"},"canonical":"https:\/\/www.eurotend.it\/en\/tende-speciali\/","og_locale":"en_GB","og_type":"article","og_title":"Tende speciali - Eurotend","og_description":"Esplora le esclusive soluzioni di tende offerte da Eurotend Spa, ideali per cerimonie e inaugurazioni indimenticabili","og_url":"https:\/\/www.eurotend.it\/en\/tende-speciali\/","og_site_name":"Eurotend","article_modified_time":"2025-10-29T09:22:06+00:00","og_image":[{"width":992,"height":373,"url":"https:\/\/www.eurotend.it\/wp-content\/uploads\/2024\/06\/New-Logo-Eurotend.png","type":"image\/png"}],"twitter_card":"summary_large_image","twitter_misc":{"Estimated reading time":"3 minutes"},"schema":{"@context":"https:\/\/schema.org","@graph":[{"@type":"WebPage","@id":"https:\/\/www.eurotend.it\/it_it\/tende-speciali\/","url":"https:\/\/www.eurotend.it\/it_it\/tende-speciali\/","name":"Tende speciali - Eurotend","isPartOf":{"@id":"https:\/\/www.eurotend.it\/#website"},"primaryImageOfPage":{"@id":"https:\/\/www.eurotend.it\/it_it\/tende-speciali\/#primaryimage"},"image":{"@id":"https:\/\/www.eurotend.it\/it_it\/tende-speciali\/#primaryimage"},"thumbnailUrl":"https:\/\/www.eurotend.it\/wp-content\/uploads\/2024\/06\/New-Logo-Eurotend.png","datePublished":"2024-06-24T14:31:44+00:00","dateModified":"2025-10-29T09:22:06+00:00","description":"Esplora le esclusive soluzioni di tende offerte da Eurotend Spa, ideali per cerimonie e inaugurazioni indimenticabili","breadcrumb":{"@id":"https:\/\/www.eurotend.it\/it_it\/tende-speciali\/#breadcrumb"},"inLanguage":"en-GB","potentialAction":[{"@type":"ReadAction","target":["https:\/\/www.eurotend.it\/it_it\/tende-speciali\/"]}]},{"@type":"ImageObject","inLanguage":"en-GB","@id":"https:\/\/www.eurotend.it\/it_it\/tende-speciali\/#primaryimage","url":"https:\/\/www.eurotend.it\/wp-content\/uploads\/2024\/06\/New-Logo-Eurotend.png","contentUrl":"https:\/\/www.eurotend.it\/wp-content\/uploads\/2024\/06\/New-Logo-Eurotend.png"},{"@type":"BreadcrumbList","@id":"https:\/\/www.eurotend.it\/it_it\/tende-speciali\/#breadcrumb","itemListElement":[{"@type":"ListItem","position":1,"name":"Home","item":"https:\/\/www.eurotend.it\/"},{"@type":"ListItem","position":2,"name":"Tende speciali"}]},{"@type":"WebSite","@id":"https:\/\/www.eurotend.it\/#website","url":"https:\/\/www.eurotend.it\/","name":"Eurotend","description":"","publisher":{"@id":"https:\/\/www.eurotend.it\/#organization"},"potentialAction":[{"@type":"SearchAction","target":{"@type":"EntryPoint","urlTemplate":"https:\/\/www.eurotend.it\/?s={search_term_string}"},"query-input":{"@type":"PropertyValueSpecification","valueRequired":true,"valueName":"search_term_string"}}],"inLanguage":"en-GB"},{"@type":"Organization","@id":"https:\/\/www.eurotend.it\/#organization","name":"Eurotend","url":"https:\/\/www.eurotend.it\/","logo":{"@type":"ImageObject","inLanguage":"en-GB","@id":"https:\/\/www.eurotend.it\/#\/schema\/logo\/image\/","url":"https:\/\/www.eurotend.it\/wp-content\/uploads\/2024\/06\/New-Logo-Eurotend-1.png","contentUrl":"https:\/\/www.eurotend.it\/wp-content\/uploads\/2024\/06\/New-Logo-Eurotend-1.png","width":512,"height":512,"caption":"Eurotend"},"image":{"@id":"https:\/\/www.eurotend.it\/#\/schema\/logo\/image\/"}}]}},"_links":{"self":[{"href":"https:\/\/www.eurotend.it\/en\/wp-json\/wp\/v2\/pages\/457","targetHints":{"allow":["GET"]}}],"collection":[{"href":"https:\/\/www.eurotend.it\/en\/wp-json\/wp\/v2\/pages"}],"about":[{"href":"https:\/\/www.eurotend.it\/en\/wp-json\/wp\/v2\/types\/page"}],"author":[{"embeddable":true,"href":"https:\/\/www.eurotend.it\/en\/wp-json\/wp\/v2\/users\/1"}],"replies":[{"embeddable":true,"href":"https:\/\/www.eurotend.it\/en\/wp-json\/wp\/v2\/comments?post=457"}],"version-history":[{"count":70,"href":"https:\/\/www.eurotend.it\/en\/wp-json\/wp\/v2\/pages\/457\/revisions"}],"predecessor-version":[{"id":4230,"href":"https:\/\/www.eurotend.it\/en\/wp-json\/wp\/v2\/pages\/457\/revisions\/4230"}],"wp:attachment":[{"href":"https:\/\/www.eurotend.it\/en\/wp-json\/wp\/v2\/media?parent=457"}],"curies":[{"name":"wp","href":"https:\/\/api.w.org\/{rel}","templated":true}]}}