{"id":1024,"date":"2024-06-26T13:47:48","date_gmt":"2024-06-26T11:47:48","guid":{"rendered":"https:\/\/www.eurotend.it\/?page_id=1024"},"modified":"2025-10-29T10:30:27","modified_gmt":"2025-10-29T09:30:27","slug":"palchi","status":"publish","type":"page","link":"https:\/\/www.eurotend.it\/en\/palchi\/","title":{"rendered":"Palchi"},"content":{"rendered":"<div data-elementor-type=\"wp-page\" data-elementor-id=\"1024\" class=\"elementor elementor-1024\" data-elementor-post-type=\"page\">\n\t\t\t\t\t\t<section class=\"elementor-section elementor-top-section elementor-element elementor-element-579eac16 elementor-section-full_width elementor-section-height-default elementor-section-height-default\" data-id=\"579eac16\" data-element_type=\"section\">\n\t\t\t\t\t\t<div class=\"elementor-container elementor-column-gap-no\">\n\t\t\t\t\t<div class=\"elementor-column elementor-col-100 elementor-top-column elementor-element elementor-element-2d74f25e\" data-id=\"2d74f25e\" data-element_type=\"column\">\n\t\t\t<div class=\"elementor-widget-wrap elementor-element-populated\">\n\t\t\t\t\t\t<section class=\"elementor-section elementor-inner-section elementor-element elementor-element-26b53d58 elementor-section-full_width elementor-section-height-default elementor-section-height-default\" data-id=\"26b53d58\" data-element_type=\"section\">\n\t\t\t\t\t\t<div class=\"elementor-container elementor-column-gap-no\">\n\t\t\t\t\t<div class=\"elementor-column elementor-col-50 elementor-inner-column elementor-element elementor-element-23c53471\" data-id=\"23c53471\" data-element_type=\"column\">\n\t\t\t<div class=\"elementor-widget-wrap elementor-element-populated\">\n\t\t\t\t\t\t<div class=\"elementor-element elementor-element-ba37b37 elementor-widget elementor-widget-image\" data-id=\"ba37b37\" data-element_type=\"widget\" data-widget_type=\"image.default\">\n\t\t\t\t<div class=\"elementor-widget-container\">\n\t\t\t\t\t\t\t\t\t\t\t\t\t\t\t<img fetchpriority=\"high\" decoding=\"async\" width=\"800\" height=\"301\" src=\"https:\/\/www.eurotend.it\/wp-content\/uploads\/2024\/06\/New-Logo-Eurotend.png\" class=\"attachment-large size-large wp-image-1424\" alt=\"Eurotend new logo\" srcset=\"https:\/\/www.eurotend.it\/wp-content\/uploads\/2024\/06\/New-Logo-Eurotend.png 992w, https:\/\/www.eurotend.it\/wp-content\/uploads\/2024\/06\/New-Logo-Eurotend-300x113.png 300w, https:\/\/www.eurotend.it\/wp-content\/uploads\/2024\/06\/New-Logo-Eurotend-768x289.png 768w\" sizes=\"(max-width: 800px) 100vw, 800px\" \/>\t\t\t\t\t\t\t\t\t\t\t\t\t\t\t<\/div>\n\t\t\t\t<\/div>\n\t\t\t\t<div class=\"elementor-element elementor-element-80d1776 elementor-widget elementor-widget-heading\" data-id=\"80d1776\" data-element_type=\"widget\" data-widget_type=\"heading.default\">\n\t\t\t\t<div class=\"elementor-widget-container\">\n\t\t\t\t\t<h1 class=\"elementor-heading-title elementor-size-default\">Stages, stands and furniture<\/h1>\t\t\t\t<\/div>\n\t\t\t\t<\/div>\n\t\t\t\t\t<\/div>\n\t\t<\/div>\n\t\t\t\t<div class=\"elementor-column elementor-col-50 elementor-inner-column elementor-element elementor-element-391e4f15\" data-id=\"391e4f15\" data-element_type=\"column\">\n\t\t\t<div class=\"elementor-widget-wrap elementor-element-populated\">\n\t\t\t\t\t\t<div class=\"elementor-element elementor-element-2ebe65c2 elementor-widget__width-initial elementor-widget elementor-widget-text-editor\" data-id=\"2ebe65c2\" data-element_type=\"widget\" data-widget_type=\"text-editor.default\">\n\t\t\t\t<div class=\"elementor-widget-container\">\n\t\t\t\t\t\t\t\t\t<p>Eurotend offers a wide range of stages, furnishings, shell chairs, armchairs and many other furniture items.<\/p>\t\t\t\t\t\t\t\t<\/div>\n\t\t\t\t<\/div>\n\t\t\t\t<div class=\"elementor-element elementor-element-17519a22 elementor-align-left elementor-mobile-align-left elementor-widget elementor-widget-button\" data-id=\"17519a22\" data-element_type=\"widget\" data-widget_type=\"button.default\">\n\t\t\t\t<div class=\"elementor-widget-container\">\n\t\t\t\t\t\t\t\t\t<div class=\"elementor-button-wrapper\">\n\t\t\t\t\t<a class=\"elementor-button elementor-button-link elementor-size-sm\" href=\"#struttura\">\n\t\t\t\t\t\t<span class=\"elementor-button-content-wrapper\">\n\t\t\t\t\t\t\t\t\t<span class=\"elementor-button-text\">MORE<\/span>\n\t\t\t\t\t<\/span>\n\t\t\t\t\t<\/a>\n\t\t\t\t<\/div>\n\t\t\t\t\t\t\t\t<\/div>\n\t\t\t\t<\/div>\n\t\t\t\t\t<\/div>\n\t\t<\/div>\n\t\t\t\t\t<\/div>\n\t\t<\/section>\n\t\t\t\t\t<\/div>\n\t\t<\/div>\n\t\t\t\t\t<\/div>\n\t\t<\/section>\n\t\t\t\t<section class=\"elementor-section elementor-top-section elementor-element elementor-element-645277d6 elementor-section-full_width elementor-section-height-default elementor-section-height-default\" data-id=\"645277d6\" data-element_type=\"section\">\n\t\t\t\t\t\t<div class=\"elementor-container elementor-column-gap-no\">\n\t\t\t\t\t<div class=\"elementor-column elementor-col-100 elementor-top-column elementor-element elementor-element-25e80982\" data-id=\"25e80982\" data-element_type=\"column\">\n\t\t\t<div class=\"elementor-widget-wrap elementor-element-populated\">\n\t\t\t\t\t\t<div class=\"elementor-element elementor-element-bae89cc elementor-widget elementor-widget-image\" data-id=\"bae89cc\" data-element_type=\"widget\" data-widget_type=\"image.default\">\n\t\t\t\t<div class=\"elementor-widget-container\">\n\t\t\t\t\t\t\t\t\t\t\t\t\t\t\t<img decoding=\"async\" width=\"1262\" height=\"635\" src=\"https:\/\/www.eurotend.it\/wp-content\/uploads\/2024\/06\/palco.png\" class=\"attachment-2048x2048 size-2048x2048 wp-image-1030\" alt=\"Eurotend palchi stand e arredi\" srcset=\"https:\/\/www.eurotend.it\/wp-content\/uploads\/2024\/06\/palco.png 1262w, https:\/\/www.eurotend.it\/wp-content\/uploads\/2024\/06\/palco-300x151.png 300w, https:\/\/www.eurotend.it\/wp-content\/uploads\/2024\/06\/palco-1024x515.png 1024w, https:\/\/www.eurotend.it\/wp-content\/uploads\/2024\/06\/palco-768x386.png 768w\" sizes=\"(max-width: 1262px) 100vw, 1262px\" \/>\t\t\t\t\t\t\t\t\t\t\t\t\t\t\t<\/div>\n\t\t\t\t<\/div>\n\t\t\t\t\t<\/div>\n\t\t<\/div>\n\t\t\t\t\t<\/div>\n\t\t<\/section>\n\t\t<div class=\"elementor-element elementor-element-222673a1 e-flex e-con-boxed e-con e-parent\" data-id=\"222673a1\" data-element_type=\"container\">\n\t\t\t\t\t<div class=\"e-con-inner\">\n\t\t<div class=\"elementor-element elementor-element-1148492d e-con-full e-flex e-con e-child\" data-id=\"1148492d\" data-element_type=\"container\" id=\"struttura\">\n\t\t\t\t<div class=\"elementor-element elementor-element-58dd4aea elementor-widget elementor-widget-heading\" data-id=\"58dd4aea\" data-element_type=\"widget\" data-widget_type=\"heading.default\">\n\t\t\t\t<div class=\"elementor-widget-container\">\n\t\t\t\t\t<h2 class=\"elementor-heading-title elementor-size-default\">Structure<\/h2>\t\t\t\t<\/div>\n\t\t\t\t<\/div>\n\t\t\t\t<div class=\"elementor-element elementor-element-90e5ad9 elementor-widget elementor-widget-text-editor\" data-id=\"90e5ad9\" data-element_type=\"widget\" data-widget_type=\"text-editor.default\">\n\t\t\t\t<div class=\"elementor-widget-container\">\n\t\t\t\t\t\t\t\t\t<p class=\"translation-block\">Eurotend offers <b>stages with flexible sizes<\/b>, feasible in modules of 2\u00d72 or 5\u00d73 meters. The stages are <b>adaptable to any type of terrain<\/b>, thanks to adjustable pillars with threaded bars that compensate for any irregularities of the laying plan. To meet the needs of exhibitors, Eurotend can set up stands of varying sizes within the marquees, using hollow-core wood panels. These panels are also available in <b>washable material, carpeted and equipped with doors<\/b>. For receptions, ceremonies, or conventions, Eurotend provides furnishings, shell chairs, armchairs, and other furniture items for marquees.<\/p>\t\t\t\t\t\t\t\t<\/div>\n\t\t\t\t<\/div>\n\t\t\t\t<div class=\"elementor-element elementor-element-b435184 elementor-align-left elementor-mobile-align-left elementor-widget elementor-widget-button\" data-id=\"b435184\" data-element_type=\"widget\" data-widget_type=\"button.default\">\n\t\t\t\t<div class=\"elementor-widget-container\">\n\t\t\t\t\t\t\t\t\t<div class=\"elementor-button-wrapper\">\n\t\t\t\t\t<a class=\"elementor-button elementor-button-link elementor-size-sm\" href=\"https:\/\/www.eurotend.it\/en\/contatti\/\">\n\t\t\t\t\t\t<span class=\"elementor-button-content-wrapper\">\n\t\t\t\t\t\t\t\t\t<span class=\"elementor-button-text\">Contact us<\/span>\n\t\t\t\t\t<\/span>\n\t\t\t\t\t<\/a>\n\t\t\t\t<\/div>\n\t\t\t\t\t\t\t\t<\/div>\n\t\t\t\t<\/div>\n\t\t\t\t<\/div>\n\t\t<div class=\"elementor-element elementor-element-5a1311bb e-con-full elementor-hidden-tablet e-flex e-con e-child\" data-id=\"5a1311bb\" data-element_type=\"container\">\n\t\t\t\t<div class=\"elementor-element elementor-element-563df4d3 elementor-widget elementor-widget-image\" data-id=\"563df4d3\" data-element_type=\"widget\" data-widget_type=\"image.default\">\n\t\t\t\t<div class=\"elementor-widget-container\">\n\t\t\t\t\t\t\t\t\t\t\t\t\t\t\t<img decoding=\"async\" width=\"600\" height=\"400\" src=\"https:\/\/www.eurotend.it\/wp-content\/uploads\/2024\/06\/Eurotend-23.png\" class=\"attachment-full size-full wp-image-1165\" alt=\"Eurotend stand\" srcset=\"https:\/\/www.eurotend.it\/wp-content\/uploads\/2024\/06\/Eurotend-23.png 600w, https:\/\/www.eurotend.it\/wp-content\/uploads\/2024\/06\/Eurotend-23-300x200.png 300w\" sizes=\"(max-width: 600px) 100vw, 600px\" \/>\t\t\t\t\t\t\t\t\t\t\t\t\t\t\t<\/div>\n\t\t\t\t<\/div>\n\t\t\t\t<\/div>\n\t\t\t\t\t<\/div>\n\t\t\t\t<\/div>\n\t\t<div class=\"elementor-element elementor-element-28a03960 e-con-full e-flex e-con e-parent\" data-id=\"28a03960\" data-element_type=\"container\">\n\t\t\t\t<div class=\"elementor-element elementor-element-6c8f5ee3 elementor-widget__width-initial elementor-widget elementor-widget-image-carousel\" data-id=\"6c8f5ee3\" data-element_type=\"widget\" data-settings=\"{&quot;slides_to_show&quot;:&quot;3&quot;,&quot;navigation&quot;:&quot;none&quot;,&quot;autoplay_speed&quot;:2000,&quot;autoplay&quot;:&quot;yes&quot;,&quot;pause_on_hover&quot;:&quot;yes&quot;,&quot;pause_on_interaction&quot;:&quot;yes&quot;,&quot;infinite&quot;:&quot;yes&quot;,&quot;speed&quot;:500,&quot;image_spacing_custom&quot;:{&quot;unit&quot;:&quot;px&quot;,&quot;size&quot;:20,&quot;sizes&quot;:[]},&quot;image_spacing_custom_tablet&quot;:{&quot;unit&quot;:&quot;px&quot;,&quot;size&quot;:&quot;&quot;,&quot;sizes&quot;:[]},&quot;image_spacing_custom_mobile&quot;:{&quot;unit&quot;:&quot;px&quot;,&quot;size&quot;:&quot;&quot;,&quot;sizes&quot;:[]}}\" data-widget_type=\"image-carousel.default\">\n\t\t\t\t<div class=\"elementor-widget-container\">\n\t\t\t\t\t\t\t<div class=\"elementor-image-carousel-wrapper swiper\" role=\"region\" aria-roledescription=\"carousel\" aria-label=\"Carosello d&#039;immagini\" dir=\"ltr\">\n\t\t\t<div class=\"elementor-image-carousel swiper-wrapper\" aria-live=\"off\">\n\t\t\t\t\t\t\t\t<div class=\"swiper-slide\" role=\"group\" aria-roledescription=\"slide\" aria-label=\"1 of 4\"><figure class=\"swiper-slide-inner\"><img decoding=\"async\" class=\"swiper-slide-image\" src=\"https:\/\/www.eurotend.it\/wp-content\/uploads\/2024\/06\/47.png\" alt=\"Eurotend palchi e stand e accessori\" \/><\/figure><\/div><div class=\"swiper-slide\" role=\"group\" aria-roledescription=\"slide\" aria-label=\"2 of 4\"><figure class=\"swiper-slide-inner\"><img decoding=\"async\" class=\"swiper-slide-image\" src=\"https:\/\/www.eurotend.it\/wp-content\/uploads\/2024\/06\/48.png\" alt=\"Eurotend palchi e stand\" \/><\/figure><\/div><div class=\"swiper-slide\" role=\"group\" aria-roledescription=\"slide\" aria-label=\"3 of 4\"><figure class=\"swiper-slide-inner\"><img decoding=\"async\" class=\"swiper-slide-image\" src=\"https:\/\/www.eurotend.it\/wp-content\/uploads\/2024\/06\/49.png\" alt=\"Eurotend S.p.A. palchi e stand\" \/><\/figure><\/div><div class=\"swiper-slide\" role=\"group\" aria-roledescription=\"slide\" aria-label=\"4 of 4\"><figure class=\"swiper-slide-inner\"><img decoding=\"async\" class=\"swiper-slide-image\" src=\"https:\/\/www.eurotend.it\/wp-content\/uploads\/2024\/06\/50.png\" alt=\"Eurotend S.p.A. palchi e stand\" \/><\/figure><\/div>\t\t\t<\/div>\n\t\t\t\t\t\t\t\n\t\t\t\t\t\t\t\t\t<\/div>\n\t\t\t\t\t\t<\/div>\n\t\t\t\t<\/div>\n\t\t\t\t<\/div>\n\t\t\t\t<\/div>","protected":false},"excerpt":{"rendered":"<p>Palchi, Stand e Arredi Eurotend offre una vasta gamma di palchi, complementi d&#8217;arredo, sedie a scocca, poltrone e molti altri articoli d&#8217;arredamento. Scopri di pi\u00f9 La struttura Eurotend offre palchi con misure flessibili, realizzabili in moduli da 2\u00d72 o 5\u00d73 metri. I palchi sono adattabili a qualsiasi tipo di terreno, grazie ai montanti regolabili con [&hellip;]<\/p>","protected":false},"author":1,"featured_media":0,"parent":0,"menu_order":0,"comment_status":"closed","ping_status":"closed","template":"elementor_header_footer","meta":{"footnotes":""},"class_list":["post-1024","page","type-page","status-publish","hentry"],"yoast_head":"<!-- This site is optimized with the Yoast SEO plugin v24.7 - https:\/\/yoast.com\/wordpress\/plugins\/seo\/ -->\n<title>Palchi - Eurotend<\/title>\n<meta name=\"description\" content=\"Eurotend: palchi, stand, arredi e complementi. Offriamo una vasta gamma di articoli, tra cui tendostrutture, palchi, sedie a scocca, ...\" \/>\n<meta name=\"robots\" content=\"index, follow, max-snippet:-1, max-image-preview:large, max-video-preview:-1\" \/>\n<link rel=\"canonical\" href=\"https:\/\/www.eurotend.it\/en\/palchi\/\" \/>\n<meta property=\"og:locale\" content=\"en_GB\" \/>\n<meta property=\"og:type\" content=\"article\" \/>\n<meta property=\"og:title\" content=\"Palchi - Eurotend\" \/>\n<meta property=\"og:description\" content=\"Eurotend: palchi, stand, arredi e complementi. Offriamo una vasta gamma di articoli, tra cui tendostrutture, palchi, sedie a scocca, ...\" \/>\n<meta property=\"og:url\" content=\"https:\/\/www.eurotend.it\/en\/palchi\/\" \/>\n<meta property=\"og:site_name\" content=\"Eurotend\" \/>\n<meta property=\"article:modified_time\" content=\"2025-10-29T09:30:27+00:00\" \/>\n<meta property=\"og:image\" content=\"https:\/\/www.eurotend.it\/wp-content\/uploads\/2024\/06\/New-Logo-Eurotend.png\" \/>\n\t<meta property=\"og:image:width\" content=\"992\" \/>\n\t<meta property=\"og:image:height\" content=\"373\" \/>\n\t<meta property=\"og:image:type\" content=\"image\/png\" \/>\n<meta name=\"twitter:card\" content=\"summary_large_image\" \/>\n<meta name=\"twitter:label1\" content=\"Estimated reading time\" \/>\n\t<meta name=\"twitter:data1\" content=\"3 minutes\" \/>\n<script type=\"application\/ld+json\" class=\"yoast-schema-graph\">{\"@context\":\"https:\/\/schema.org\",\"@graph\":[{\"@type\":\"WebPage\",\"@id\":\"https:\/\/www.eurotend.it\/it_it\/palchi\/\",\"url\":\"https:\/\/www.eurotend.it\/it_it\/palchi\/\",\"name\":\"Palchi - Eurotend\",\"isPartOf\":{\"@id\":\"https:\/\/www.eurotend.it\/#website\"},\"primaryImageOfPage\":{\"@id\":\"https:\/\/www.eurotend.it\/it_it\/palchi\/#primaryimage\"},\"image\":{\"@id\":\"https:\/\/www.eurotend.it\/it_it\/palchi\/#primaryimage\"},\"thumbnailUrl\":\"https:\/\/www.eurotend.it\/wp-content\/uploads\/2024\/06\/New-Logo-Eurotend.png\",\"datePublished\":\"2024-06-26T11:47:48+00:00\",\"dateModified\":\"2025-10-29T09:30:27+00:00\",\"description\":\"Eurotend: palchi, stand, arredi e complementi. Offriamo una vasta gamma di articoli, tra cui tendostrutture, palchi, sedie a scocca, ...\",\"breadcrumb\":{\"@id\":\"https:\/\/www.eurotend.it\/it_it\/palchi\/#breadcrumb\"},\"inLanguage\":\"en-GB\",\"potentialAction\":[{\"@type\":\"ReadAction\",\"target\":[\"https:\/\/www.eurotend.it\/it_it\/palchi\/\"]}]},{\"@type\":\"ImageObject\",\"inLanguage\":\"en-GB\",\"@id\":\"https:\/\/www.eurotend.it\/it_it\/palchi\/#primaryimage\",\"url\":\"https:\/\/www.eurotend.it\/wp-content\/uploads\/2024\/06\/New-Logo-Eurotend.png\",\"contentUrl\":\"https:\/\/www.eurotend.it\/wp-content\/uploads\/2024\/06\/New-Logo-Eurotend.png\"},{\"@type\":\"BreadcrumbList\",\"@id\":\"https:\/\/www.eurotend.it\/it_it\/palchi\/#breadcrumb\",\"itemListElement\":[{\"@type\":\"ListItem\",\"position\":1,\"name\":\"Home\",\"item\":\"https:\/\/www.eurotend.it\/\"},{\"@type\":\"ListItem\",\"position\":2,\"name\":\"Palchi\"}]},{\"@type\":\"WebSite\",\"@id\":\"https:\/\/www.eurotend.it\/#website\",\"url\":\"https:\/\/www.eurotend.it\/\",\"name\":\"Eurotend\",\"description\":\"\",\"publisher\":{\"@id\":\"https:\/\/www.eurotend.it\/#organization\"},\"potentialAction\":[{\"@type\":\"SearchAction\",\"target\":{\"@type\":\"EntryPoint\",\"urlTemplate\":\"https:\/\/www.eurotend.it\/?s={search_term_string}\"},\"query-input\":{\"@type\":\"PropertyValueSpecification\",\"valueRequired\":true,\"valueName\":\"search_term_string\"}}],\"inLanguage\":\"en-GB\"},{\"@type\":\"Organization\",\"@id\":\"https:\/\/www.eurotend.it\/#organization\",\"name\":\"Eurotend\",\"url\":\"https:\/\/www.eurotend.it\/\",\"logo\":{\"@type\":\"ImageObject\",\"inLanguage\":\"en-GB\",\"@id\":\"https:\/\/www.eurotend.it\/#\/schema\/logo\/image\/\",\"url\":\"https:\/\/www.eurotend.it\/wp-content\/uploads\/2024\/06\/New-Logo-Eurotend-1.png\",\"contentUrl\":\"https:\/\/www.eurotend.it\/wp-content\/uploads\/2024\/06\/New-Logo-Eurotend-1.png\",\"width\":512,\"height\":512,\"caption\":\"Eurotend\"},\"image\":{\"@id\":\"https:\/\/www.eurotend.it\/#\/schema\/logo\/image\/\"}}]}<\/script>\n<!-- \/ Yoast SEO plugin. -->","yoast_head_json":{"title":"Palchi - Eurotend","description":"Eurotend: palchi, stand, arredi e complementi. Offriamo una vasta gamma di articoli, tra cui tendostrutture, palchi, sedie a scocca, ...","robots":{"index":"index","follow":"follow","max-snippet":"max-snippet:-1","max-image-preview":"max-image-preview:large","max-video-preview":"max-video-preview:-1"},"canonical":"https:\/\/www.eurotend.it\/en\/palchi\/","og_locale":"en_GB","og_type":"article","og_title":"Palchi - Eurotend","og_description":"Eurotend: palchi, stand, arredi e complementi. Offriamo una vasta gamma di articoli, tra cui tendostrutture, palchi, sedie a scocca, ...","og_url":"https:\/\/www.eurotend.it\/en\/palchi\/","og_site_name":"Eurotend","article_modified_time":"2025-10-29T09:30:27+00:00","og_image":[{"width":992,"height":373,"url":"https:\/\/www.eurotend.it\/wp-content\/uploads\/2024\/06\/New-Logo-Eurotend.png","type":"image\/png"}],"twitter_card":"summary_large_image","twitter_misc":{"Estimated reading time":"3 minutes"},"schema":{"@context":"https:\/\/schema.org","@graph":[{"@type":"WebPage","@id":"https:\/\/www.eurotend.it\/it_it\/palchi\/","url":"https:\/\/www.eurotend.it\/it_it\/palchi\/","name":"Palchi - Eurotend","isPartOf":{"@id":"https:\/\/www.eurotend.it\/#website"},"primaryImageOfPage":{"@id":"https:\/\/www.eurotend.it\/it_it\/palchi\/#primaryimage"},"image":{"@id":"https:\/\/www.eurotend.it\/it_it\/palchi\/#primaryimage"},"thumbnailUrl":"https:\/\/www.eurotend.it\/wp-content\/uploads\/2024\/06\/New-Logo-Eurotend.png","datePublished":"2024-06-26T11:47:48+00:00","dateModified":"2025-10-29T09:30:27+00:00","description":"Eurotend: palchi, stand, arredi e complementi. Offriamo una vasta gamma di articoli, tra cui tendostrutture, palchi, sedie a scocca, ...","breadcrumb":{"@id":"https:\/\/www.eurotend.it\/it_it\/palchi\/#breadcrumb"},"inLanguage":"en-GB","potentialAction":[{"@type":"ReadAction","target":["https:\/\/www.eurotend.it\/it_it\/palchi\/"]}]},{"@type":"ImageObject","inLanguage":"en-GB","@id":"https:\/\/www.eurotend.it\/it_it\/palchi\/#primaryimage","url":"https:\/\/www.eurotend.it\/wp-content\/uploads\/2024\/06\/New-Logo-Eurotend.png","contentUrl":"https:\/\/www.eurotend.it\/wp-content\/uploads\/2024\/06\/New-Logo-Eurotend.png"},{"@type":"BreadcrumbList","@id":"https:\/\/www.eurotend.it\/it_it\/palchi\/#breadcrumb","itemListElement":[{"@type":"ListItem","position":1,"name":"Home","item":"https:\/\/www.eurotend.it\/"},{"@type":"ListItem","position":2,"name":"Palchi"}]},{"@type":"WebSite","@id":"https:\/\/www.eurotend.it\/#website","url":"https:\/\/www.eurotend.it\/","name":"Eurotend","description":"","publisher":{"@id":"https:\/\/www.eurotend.it\/#organization"},"potentialAction":[{"@type":"SearchAction","target":{"@type":"EntryPoint","urlTemplate":"https:\/\/www.eurotend.it\/?s={search_term_string}"},"query-input":{"@type":"PropertyValueSpecification","valueRequired":true,"valueName":"search_term_string"}}],"inLanguage":"en-GB"},{"@type":"Organization","@id":"https:\/\/www.eurotend.it\/#organization","name":"Eurotend","url":"https:\/\/www.eurotend.it\/","logo":{"@type":"ImageObject","inLanguage":"en-GB","@id":"https:\/\/www.eurotend.it\/#\/schema\/logo\/image\/","url":"https:\/\/www.eurotend.it\/wp-content\/uploads\/2024\/06\/New-Logo-Eurotend-1.png","contentUrl":"https:\/\/www.eurotend.it\/wp-content\/uploads\/2024\/06\/New-Logo-Eurotend-1.png","width":512,"height":512,"caption":"Eurotend"},"image":{"@id":"https:\/\/www.eurotend.it\/#\/schema\/logo\/image\/"}}]}},"_links":{"self":[{"href":"https:\/\/www.eurotend.it\/en\/wp-json\/wp\/v2\/pages\/1024","targetHints":{"allow":["GET"]}}],"collection":[{"href":"https:\/\/www.eurotend.it\/en\/wp-json\/wp\/v2\/pages"}],"about":[{"href":"https:\/\/www.eurotend.it\/en\/wp-json\/wp\/v2\/types\/page"}],"author":[{"embeddable":true,"href":"https:\/\/www.eurotend.it\/en\/wp-json\/wp\/v2\/users\/1"}],"replies":[{"embeddable":true,"href":"https:\/\/www.eurotend.it\/en\/wp-json\/wp\/v2\/comments?post=1024"}],"version-history":[{"count":37,"href":"https:\/\/www.eurotend.it\/en\/wp-json\/wp\/v2\/pages\/1024\/revisions"}],"predecessor-version":[{"id":4254,"href":"https:\/\/www.eurotend.it\/en\/wp-json\/wp\/v2\/pages\/1024\/revisions\/4254"}],"wp:attachment":[{"href":"https:\/\/www.eurotend.it\/en\/wp-json\/wp\/v2\/media?parent=1024"}],"curies":[{"name":"wp","href":"https:\/\/api.w.org\/{rel}","templated":true}]}}